{"id":404,"date":"2023-11-15T20:03:38","date_gmt":"2023-11-15T20:03:38","guid":{"rendered":"https:\/\/melioscope.gigdemo.xyz\/?page_id=404"},"modified":"2024-01-26T14:49:08","modified_gmt":"2024-01-26T14:49:08","slug":"privacy-policy","status":"publish","type":"page","link":"https:\/\/melioscope.com\/fr\/privacy-policy\/","title":{"rendered":"Privacy Policy"},"content":{"rendered":"<div class=\"row\"  id=\"row-903035681\">\n\n\t<div id=\"col-833838389\" class=\"col small-12 large-12\"  >\n\t\t\t\t<div class=\"col-inner\"  >\n\t\t\t\n\t\t\t\n\t<div id=\"gap-671720857\" class=\"gap-element clearfix\" style=\"display:block; height:auto;\">\n\t\t\n<style>\n#gap-671720857 {\n  padding-top: 30px;\n}\n<\/style>\n\t<\/div>\n\t\n<h2 class=\"uppercase\"><strong>Politique de confidentialit\u00e9<\/strong><\/h2>\n<p>Merci d&rsquo;avoir choisi Melioscope Inc. (\u00ab\u00a0soci\u00e9t\u00e9\u00a0\u00bb, \u00ab\u00a0nous\u00a0\u00bb, \u00ab\u00a0notre\u00a0\u00bb ou \u00ab\u00a0nos\u00a0\u00bb). Nous nous engageons \u00e0 prot\u00e9ger vos informations personnelles et votre droit \u00e0 la vie priv\u00e9e. Si vous avez des questions ou des inqui\u00e9tudes concernant notre politique ou nos pratiques en mati\u00e8re d&rsquo;informations personnelles, veuillez nous contacter \u00e0 l&rsquo;adresse admin@melioscope.com.<\/p>\n<p>Cette politique de confidentialit\u00e9 s&rsquo;applique \u00e0 toutes les informations collect\u00e9es par le biais de notre site web (www.melioscope.com), et\/ou de tout service, vente, marketing ou \u00e9v\u00e9nement connexe (nous les d\u00e9signons collectivement dans cette politique de confidentialit\u00e9 sous le nom de \u00ab\u00a0sites\u00a0\u00bb).<\/p>\n<p><strong>Quelles sont les donn\u00e9es que nous recueillons ?<\/strong><\/p>\n<p>Les informations personnelles que vous nous communiquez. Nous recueillons les informations personnelles que vous nous fournissez, telles que votre nom, le nom de votre organisation et vos coordonn\u00e9es.<\/p>\n<p>Les informations personnelles que nous recueillons d\u00e9pendent des informations que vous nous fournissez sur les sites, des choix que vous faites et des produits et fonctions que vous utilisez. Les informations personnelles que nous recueillons peuvent \u00eatre les suivantes :<\/p>\n<p>Nom et donn\u00e9es de contact. Nous recueillons vos nom et pr\u00e9nom, votre adresse \u00e9lectronique, votre adresse postale compl\u00e8te, votre num\u00e9ro de t\u00e9l\u00e9phone et d&rsquo;autres donn\u00e9es de contact similaires.<\/p>\n<p><strong>Informations collect\u00e9es automatiquement<\/strong><\/p>\n<p>Nous recueillons automatiquement certaines informations lorsque vous visitez, utilisez ou naviguez sur les sites. Ces informations ne r\u00e9v\u00e8lent pas votre identit\u00e9 sp\u00e9cifique (comme votre nom ou vos coordonn\u00e9es) mais peuvent inclure des informations sur votre appareil et votre utilisation, comme votre adresse IP, les caract\u00e9ristiques de votre navigateur et de votre appareil, votre syst\u00e8me d&rsquo;exploitation, vos pr\u00e9f\u00e9rences linguistiques, les URL de r\u00e9f\u00e9rence, le nom de votre appareil, votre localisation, des informations sur la mani\u00e8re et le moment o\u00f9 vous utilisez nos sites et d&rsquo;autres informations techniques. Ces informations sont principalement n\u00e9cessaires pour maintenir la s\u00e9curit\u00e9 et le fonctionnement de nos sites, ainsi qu&rsquo;\u00e0 des fins d&rsquo;analyse et de rapport internes.<\/p>\n<p><strong>Comment recueillons-nous vos donn\u00e9es ?<\/strong><\/p>\n<p>Vous nous fournissez directement la plupart des donn\u00e9es que nous collectons. Nous collectons et traitons des donn\u00e9es lorsque vous<\/p>\n<ul>\n<li>Remplissez volontairement un formulaire client ou une enqu\u00eate ou donnez votre avis sur l&rsquo;un de nos tableaux d&rsquo;affichage ou par courrier \u00e9lectronique.<\/li>\n<li>Vous utilisez ou consultez notre site web via les cookies de votre navigateur.<\/li>\n<\/ul>\n<p><strong>Comment utiliserons-nous vos donn\u00e9es ?<\/strong><\/p>\n<p>Nous utilisons les informations personnelles collect\u00e9es par l&rsquo;interm\u00e9diaire de nos sites \u00e0 diverses fins commerciales, comme d\u00e9crit ci-dessous.<\/p>\n<p>Nous utilisons les informations que nous collectons ou que nous recevons :<\/p>\n<ul>\n<li>Pour vous envoyer des informations administratives. Nous pouvons utiliser vos informations personnelles pour vous envoyer des informations sur les services et les nouvelles fonctionnalit\u00e9s et\/ou des informations sur les modifications apport\u00e9es \u00e0 nos conditions g\u00e9n\u00e9rales et \u00e0 nos politiques.<\/li>\n<li>Demander un retour d&rsquo;information. Nous pouvons utiliser vos informations pour vous demander un retour d&rsquo;information et vous contacter au sujet de votre utilisation de nos sites.<\/li>\n<li>Pour permettre des communications d&rsquo;utilisateur \u00e0 utilisateur. Nous pouvons utiliser vos informations pour permettre des communications d&rsquo;utilisateur \u00e0 utilisateur avec le consentement de chaque utilisateur.<\/li>\n<li>\u00c0 d&rsquo;autres fins commerciales. Nous pouvons utiliser vos informations \u00e0 d&rsquo;autres fins commerciales, telles que l&rsquo;analyse des donn\u00e9es, l&rsquo;identification des tendances d&rsquo;utilisation, la d\u00e9termination de l&rsquo;efficacit\u00e9 de nos campagnes promotionnelles et l&rsquo;\u00e9valuation et l&rsquo;am\u00e9lioration de nos sites, de nos services, de notre marketing et de votre exp\u00e9rience.<\/li>\n<\/ul>\n<p><strong>Avec qui vos informations personnelles seront-elles partag\u00e9es ?<\/strong><\/p>\n<p>Nous ne partageons et ne divulguons vos informations \u00e0 des tiers que pour les raisons suivantes :<\/p>\n<ul>\n<li>\u00e0 des fins d&rsquo;analyse web et mobile<\/li>\n<li>\u00e0 des fins d&rsquo;analyse web et mobile ; \u00e0 des fins de suivi des performances de notre site web.\u00a0<\/li>\n<\/ul>\n<p><strong>Comment stockons-nous vos donn\u00e9es ?<\/strong><\/p>\n<p>Nous avons mis en place des mesures de s\u00e9curit\u00e9 destin\u00e9es \u00e0 prot\u00e9ger la s\u00e9curit\u00e9 des informations personnelles que nous traitons. Toutefois, n&rsquo;oubliez pas que nous ne pouvons pas garantir que l&rsquo;internet lui-m\u00eame est s\u00fbr \u00e0 100 %. Bien que nous fassions de notre mieux pour prot\u00e9ger vos informations personnelles, la transmission d&rsquo;informations personnelles vers et depuis nos sites se fait \u00e0 vos risques et p\u00e9rils. Vous ne devez acc\u00e9der aux services que dans un environnement s\u00e9curis\u00e9.<\/p>\n<p>Nous stockons vos donn\u00e9es en toute s\u00e9curit\u00e9 \u00e0 l&rsquo;adresse suivante et les conservons aussi longtemps que n\u00e9cessaire aux fins \u00e9nonc\u00e9es dans la pr\u00e9sente politique de confidentialit\u00e9, \u00e0 moins qu&rsquo;une p\u00e9riode de conservation plus longue ne soit requise ou autoris\u00e9e par la loi (par exemple, pour des raisons fiscales, comptables ou d&rsquo;autres exigences l\u00e9gales). Lorsque nous n&rsquo;aurons plus besoin de conserver vos informations \u00e0 des fins commerciales l\u00e9gitimes, nous les supprimerons ou les rendrons anonymes.<\/p>\n<p><strong>Quels sont vos droits en mati\u00e8re de protection des donn\u00e9es ?<\/strong><\/p>\n<p>Nous souhaitons nous assurer que vous \u00eates pleinement conscient de vos droits en mati\u00e8re de protection des donn\u00e9es. Chaque utilisateur b\u00e9n\u00e9ficie des droits suivants :<\/p>\n<ul>\n<li>Droit d&rsquo;acc\u00e8s &#8211; Vous avez le droit de nous demander des copies de vos donn\u00e9es personnelles ;<\/li>\n<li>Vous avez le droit de demander la rectification ou l&rsquo;effacement de vos donn\u00e9es personnelles ;<\/li>\n<li>Vous avez le droit de demander la rectification ou l&rsquo;effacement de vos donn\u00e9es personnelles ;<\/li>\n<li>Vous avez le droit de restreindre le traitement de vos donn\u00e9es personnelles ;<br \/>le cas \u00e9ch\u00e9ant, vous avez le droit \u00e0 la portabilit\u00e9 des donn\u00e9es.<\/li>\n<li>Dans certaines circonstances, vous pouvez \u00e9galement avoir le droit de vous opposer au traitement de vos informations personnelles. Pour faire une telle demande, veuillez utiliser les coordonn\u00e9es fournies ci-dessous.\u00a0<\/li>\n<\/ul>\n<p><strong>Modifications de notre politique de confidentialit\u00e9<\/strong><\/p>\n<p>Nous r\u00e9visons r\u00e9guli\u00e8rement notre politique de confidentialit\u00e9 et publions toute mise \u00e0 jour sur cette page web. Cette politique de confidentialit\u00e9 a \u00e9t\u00e9 mise \u00e0 jour pour la derni\u00e8re fois le 18 janvier 2024.<\/p>\n<p><strong>Comment nous contacter<\/strong><\/p>\n<p>Si vous avez des questions concernant notre politique de confidentialit\u00e9, les donn\u00e9es que nous d\u00e9tenons sur vous, ou si vous souhaitez exercer l&rsquo;un de vos droits en mati\u00e8re de protection des donn\u00e9es, n&rsquo;h\u00e9sitez pas \u00e0 nous contacter \u00e0 l&rsquo;adresse suivante : admin@melioscope.com.<\/p>\n\t\t<\/div>\n\t\t\t\t\t<\/div>\n\n\t\n<\/div>\n\t<section class=\"section dark\" id=\"section_1177228952\">\n\t\t<div class=\"bg section-bg fill bg-fill  bg-loaded\" >\n\n\t\t\t\n\t\t\t\n\t\t\t\n\n\t\t<\/div>\n\n\t\t\n\n\t\t<div class=\"section-content relative\">\n\t\t\t\n\n<div class=\"row\"  id=\"row-1572673474\">\n\n\n\t<div id=\"col-1645383661\" class=\"col small-12 large-12\"  >\n\t\t\t\t<div class=\"col-inner text-center\"  >\n\t\t\t\n\t\t\t\n\n\t<div id=\"text-3433257605\" class=\"text\">\n\t\t\n\n<h1>Prendre contact<\/h1>\n\t\t\n<style>\n#text-3433257605 {\n  font-size: 1.9rem;\n}\n<\/style>\n\t<\/div>\n\t\n<a href=\"https:\/\/melioscope.com\/fr\/request-quote\/\" class=\"button white is-underline\"  >\n    <span>CITATION REQUISE<\/span>\n  <\/a>\n\n\n\n\t\t<\/div>\n\t\t\t\t\n<style>\n#col-1645383661 > .col-inner {\n  padding: 30px 0px 0px 0px;\n}\n<\/style>\n\t<\/div>\n\n\t\n\n<\/div>\n\t<div id=\"gap-741416820\" class=\"gap-element clearfix\" style=\"display:block; height:auto;\">\n\t\t\n<style>\n#gap-741416820 {\n  padding-top: 30px;\n}\n<\/style>\n\t<\/div>\n\t\n\n<div class=\"row\"  id=\"row-1536563548\">\n\n\n\t<div id=\"col-1340109843\" class=\"col medium-3 small-12 large-3\"  >\n\t\t\t\t<div class=\"col-inner text-center\"  >\n\t\t\t\n\t\t\t\n\n<p>\ud83d\udccdMontr\u00e9al, Qu\u00e9bec<\/p>\n\n\t\t<\/div>\n\t\t\t\t\t<\/div>\n\n\t\n\n\t<div id=\"col-288429183\" class=\"col medium-3 small-12 large-3\"  >\n\t\t\t\t<div class=\"col-inner text-center\"  >\n\t\t\t\n\t\t\t\n\n<p>admin@melioscope.com<br \/>(438) 866-8603<\/p>\n\n\t\t<\/div>\n\t\t\t\t\t<\/div>\n\n\t\n\n\t<div id=\"col-995572276\" class=\"col medium-3 small-12 large-3\"  >\n\t\t\t\t<div class=\"col-inner text-center\"  >\n\t\t\t\n\t\t\t\n\n<p><a href=\"https:\/\/melioscope.com\/fr\/about\/\">About<\/a><br \/><a href=\"https:\/\/melioscope.com\/fr\/services\/\">Services<\/a><\/p>\n\n\t\t<\/div>\n\t\t\t\t\t<\/div>\n\n\t\n\n\t<div id=\"col-1997574397\" class=\"col medium-3 small-12 large-3\"  >\n\t\t\t\t<div class=\"col-inner text-center\"  >\n\t\t\t\n\t\t\t\n\n<p><a href=\"https:\/\/melioscope.com\/fr\/blog\/\">Blog<\/a><br \/><a href=\"https:\/\/melioscope.com\/contact\/\" data-wplink-edit=\"true\">Contact<\/a><\/p>\n\n\t\t<\/div>\n\t\t\t\t\t<\/div>\n\n\t\n\n<\/div>\n<div class=\"social-icons follow-icons full-width text-center\" style=\"font-size:110%\"><a href=\"https:\/\/www.facebook.com\/profile.php?id=100081142695692\" target=\"_blank\" data-label=\"Facebook\" class=\"icon plain facebook tooltip\" title=\"Nous suivre sur Facebook\" aria-label=\"Nous suivre sur Facebook\" rel=\"noopener nofollow\" ><i class=\"icon-facebook\" ><\/i><\/a><a href=\"https:\/\/www.instagram.com\/melioscope\/\" target=\"_blank\" data-label=\"Instagram\" class=\"icon plain instagram tooltip\" title=\"Nous suivre sur Instagram\" aria-label=\"Nous suivre sur Instagram\" rel=\"noopener nofollow\" ><i class=\"icon-instagram\" ><\/i><\/a><a href=\"https:\/\/twitter.com\/melioscope75240\" data-label=\"Twitter\" target=\"_blank\" class=\"icon plain twitter tooltip\" title=\"Nous suivre sur Twitter\" aria-label=\"Nous suivre sur Twitter\" rel=\"noopener nofollow\" ><i class=\"icon-twitter\" ><\/i><\/a><a href=\"https:\/\/www.linkedin.com\/company\/98889458\/admin\/feed\/posts\/\" data-label=\"LinkedIn\" target=\"_blank\" class=\"icon plain linkedin tooltip\" title=\"Nous suivre sur LinkedIn\" aria-label=\"Nous suivre sur LinkedIn\" rel=\"noopener nofollow\" ><i class=\"icon-linkedin\" ><\/i><\/a><\/div>\n\n\t<div id=\"gap-138368562\" class=\"gap-element clearfix\" style=\"display:block; height:auto;\">\n\t\t\n<style>\n#gap-138368562 {\n  padding-top: 30px;\n}\n<\/style>\n\t<\/div>\n\t\n\n\n\t\t<\/div>\n\n\t\t\n<style>\n#section_1177228952 {\n  padding-top: 60px;\n  padding-bottom: 60px;\n  background-color: #700029;\n}\n<\/style>\n\t<\/section>\n\t\n","protected":false},"excerpt":{"rendered":"","protected":false},"author":1,"featured_media":0,"parent":0,"menu_order":0,"comment_status":"closed","ping_status":"closed","template":"page-blank.php","meta":{"_monsterinsights_skip_tracking":false,"_monsterinsights_sitenote_active":false,"_monsterinsights_sitenote_note":"","_monsterinsights_sitenote_category":0,"footnotes":""},"class_list":["post-404","page","type-page","status-publish","hentry"],"aioseo_notices":[],"_links":{"self":[{"href":"https:\/\/melioscope.com\/fr\/wp-json\/wp\/v2\/pages\/404","targetHints":{"allow":["GET"]}}],"collection":[{"href":"https:\/\/melioscope.com\/fr\/wp-json\/wp\/v2\/pages"}],"about":[{"href":"https:\/\/melioscope.com\/fr\/wp-json\/wp\/v2\/types\/page"}],"author":[{"embeddable":true,"href":"https:\/\/melioscope.com\/fr\/wp-json\/wp\/v2\/users\/1"}],"replies":[{"embeddable":true,"href":"https:\/\/melioscope.com\/fr\/wp-json\/wp\/v2\/comments?post=404"}],"version-history":[{"count":4,"href":"https:\/\/melioscope.com\/fr\/wp-json\/wp\/v2\/pages\/404\/revisions"}],"predecessor-version":[{"id":956,"href":"https:\/\/melioscope.com\/fr\/wp-json\/wp\/v2\/pages\/404\/revisions\/956"}],"wp:attachment":[{"href":"https:\/\/melioscope.com\/fr\/wp-json\/wp\/v2\/media?parent=404"}],"curies":[{"name":"wp","href":"https:\/\/api.w.org\/{rel}","templated":true}]}}