{"id":410,"date":"2023-11-15T20:02:40","date_gmt":"2023-11-15T20:02:40","guid":{"rendered":"https:\/\/melioscope.gigdemo.xyz\/?page_id=410"},"modified":"2024-01-30T15:37:21","modified_gmt":"2024-01-30T15:37:21","slug":"frequently-asked-questions","status":"publish","type":"page","link":"https:\/\/melioscope.com\/fr\/frequently-asked-questions\/","title":{"rendered":"Questions fr\u00e9quemment pos\u00e9es"},"content":{"rendered":"\t<section class=\"section\" id=\"section_636533664\">\n\t\t<div class=\"bg section-bg fill bg-fill  bg-loaded\" >\n\n\t\t\t\n\t\t\t\n\t\t\t\n\n\t\t<\/div>\n\n\t\t\n\n\t\t<div class=\"section-content relative\">\n\t\t\t\n<div class=\"row align-center\"  id=\"row-1682851521\">\n\n\t<div id=\"col-1670067045\" class=\"col medium-10 small-12 large-7\"  >\n\t\t\t\t<div class=\"col-inner text-center\"  >\n\t\t\t\n\t\t\t\n\t<div id=\"text-519025178\" class=\"text\">\n\t\t\n<h1>Questions fr\u00e9quemment pos\u00e9es<\/h1>\n<p>Vous avez des questions? Nous avons les r\u00e9ponses. Explorez notre FAQ pour trouver des id\u00e9es et des solutions \u00e0 vos questions sur le bien-\u00eatre organisationnel.<\/p>\n\t\t\n<style>\n#text-519025178 {\n  font-size: 1rem;\n}\n@media (min-width:550px) {\n  #text-519025178 {\n    font-size: 1.3rem;\n  }\n}\n<\/style>\n\t<\/div>\n\t\n\t\t<\/div>\n\t\t\t\t\n<style>\n#col-1670067045 > .col-inner {\n  margin: 0px 0px -40px 0px;\n}\n<\/style>\n\t<\/div>\n\n\t\n<\/div>\n<div class=\"row align-center\"  id=\"row-1285647258\">\n\n\t<div id=\"col-401401307\" class=\"col medium-12 small-12 large-10\"  >\n\t\t\t\t<div class=\"col-inner text-left\"  >\n\t\t\t\n\t\t\t\n<div class=\"is-divider divider clearfix\" style=\"margin-top:3em;margin-bottom:3em;max-width:100%;background-color:rgb(9, 14, 29);\"><\/div>\n<div class=\"row row-collapse\"  id=\"row-423525768\">\n\n\t<div id=\"col-919152654\" class=\"col medium-12 small-12 large-4\"  >\n\t\t\t\t<div class=\"col-inner\"  >\n\t\t\t\n\t\t\t\n\n\t\t<div class=\"icon-box featured-box icon-box-left text-left\"  style=\"margin:0px 0px 30px 0px;\">\n\t\t\t\t\t<div class=\"icon-box-img\" style=\"width: 60px\">\n\t\t\t\t<div class=\"icon\">\n\t\t\t\t\t<div class=\"icon-inner\" >\n\t\t\t\t\t\t<img loading=\"lazy\" decoding=\"async\" width=\"300\" height=\"300\" src=\"https:\/\/melioscope.com\/wp-content\/uploads\/2023\/11\/031-team-work-300x300.png\" class=\"attachment-medium size-medium\" alt=\"\" srcset=\"https:\/\/melioscope.com\/wp-content\/uploads\/2023\/11\/031-team-work-300x300.png 300w, https:\/\/melioscope.com\/wp-content\/uploads\/2023\/11\/031-team-work-150x150.png 150w, https:\/\/melioscope.com\/wp-content\/uploads\/2023\/11\/031-team-work.png 512w\" sizes=\"auto, (max-width: 300px) 100vw, 300px\" \/>\t\t\t\t\t<\/div>\n\t\t\t\t<\/div>\n\t\t\t<\/div>\n\t\t\t\t<div class=\"icon-box-text last-reset\">\n\t\t\t\t\t\t\t\t\t\n<h3>Audit<\/h3>\n\t\t<\/div>\n\t<\/div>\n\t\n\t\n\t\t<\/div>\n\t\t\t\t\t<\/div>\n\n\t\n\n\t<div id=\"col-1753551149\" class=\"col medium-12 small-12 large-8\"  >\n\t\t\t\t<div class=\"col-inner text-left\"  >\n\t\t\t\n\t\t\t\n<div class=\"accordion\">\n\t<div id=\"accordion-1069622907\" class=\"accordion-item\">\n\t\t<a id=\"accordion-1069622907-label\" class=\"accordion-title plain\" href=\"#accordion-item-qu&#039;est-ce-qu&#039;un-audit-de-la-culture-organisationnelle?\" aria-expanded=\"false\" aria-controls=\"accordion-1069622907-content\" >\n\t\t\t<button class=\"toggle\" aria-label=\"Basculer\"><i class=\"icon-angle-down\"><\/i><\/button>\n\t\t\t<span>Qu'est-ce qu'un audit de la culture organisationnelle?<\/span>\n\t\t<\/a>\n\t\t<div id=\"accordion-1069622907-content\" class=\"accordion-inner\" aria-labelledby=\"accordion-1069622907-label\" >\n\t\t\t\n<p>Un audit de la culture organisationnelle consiste \u00e0 identifier et \u00e0 d\u00e9finir les valeurs, les normes, les pr\u00e9f\u00e9rences et les objectifs d&rsquo;une organisation. Il comprend \u00e0 la fois des entretiens avec l&rsquo;\u00e9quipe dirigeante et des observations en temps r\u00e9el de la culture (par exemple, des r\u00e9unions, des sessions de formation, des styles de communication, etc.) Il vise \u00e0 identifier les pratiques inadapt\u00e9es au sein du syst\u00e8me, \u00e0 s&rsquo;assurer que tous les employ\u00e9s incarnent les valeurs de l&rsquo;organisation et \u00e0 supprimer les obstacles \u00e0 la s\u00e9curit\u00e9 et au bien-\u00eatre psychologiques.<\/p>\n\t\t<\/div>\n\t<\/div>\n\t\n\t<div id=\"accordion-3661453956\" class=\"accordion-item\">\n\t\t<a id=\"accordion-3661453956-label\" class=\"accordion-title plain\" href=\"#accordion-item-quelle-est-la-dur\u00e9e-d&#039;un-audit?\" aria-expanded=\"false\" aria-controls=\"accordion-3661453956-content\" >\n\t\t\t<button class=\"toggle\" aria-label=\"Basculer\"><i class=\"icon-angle-down\"><\/i><\/button>\n\t\t\t<span>Quelle est la dur\u00e9e d'un audit?<\/span>\n\t\t<\/a>\n\t\t<div id=\"accordion-3661453956-content\" class=\"accordion-inner\" aria-labelledby=\"accordion-3661453956-label\" >\n\t\t\t\n<p>En fonction du nombre d&#8217;employ\u00e9s et de la complexit\u00e9 de l&rsquo;infrastructure de l&rsquo;entreprise, un audit peut prendre entre 2 et 5 jours de travail complets.<\/p>\n\t\t<\/div>\n\t<\/div>\n\t\n\t<div id=\"accordion-4237048799\" class=\"accordion-item\">\n\t\t<a id=\"accordion-4237048799-label\" class=\"accordion-title plain\" href=\"#accordion-item-pouvez-vous-proc\u00e9der-\u00e0-un-audit-virtuel-?\" aria-expanded=\"false\" aria-controls=\"accordion-4237048799-content\" >\n\t\t\t<button class=\"toggle\" aria-label=\"Basculer\"><i class=\"icon-angle-down\"><\/i><\/button>\n\t\t\t<span>Pouvez-vous proc\u00e9der \u00e0 un audit virtuel ?<\/span>\n\t\t<\/a>\n\t\t<div id=\"accordion-4237048799-content\" class=\"accordion-inner\" aria-labelledby=\"accordion-4237048799-label\" >\n\t\t\t\n<p>Oui. En nous connectant virtuellement et en ayant la permission de v\u00e9rifier les r\u00e9unions de travail virtuelles, nous pouvons contribuer \u00e0 renforcer la culture des organisations et \u00e0 am\u00e9liorer le bien-\u00eatre des employ\u00e9s qui travaillent \u00e0 distance. Cependant, il est important de noter que la communication et les signaux d&rsquo;attention et de s\u00e9curit\u00e9 ne sont pas seulement verbaux et peuvent inclure de nombreux indices physiques subtils. C&rsquo;est pourquoi, dans la mesure du possible, il est fortement recommand\u00e9 de r\u00e9aliser l&rsquo;audit en personne.<\/p>\n\t\t<\/div>\n\t<\/div>\n\t\n<\/div>\n\t\t<\/div>\n\t\t\t\t\t<\/div>\n\n\t\n<\/div>\n<div class=\"is-divider divider clearfix\" style=\"margin-top:3em;margin-bottom:3em;max-width:100%;background-color:rgb(9, 14, 29);\"><\/div>\n<div class=\"row row-collapse\"  id=\"row-422289485\">\n\n\t<div id=\"col-1744878271\" class=\"col medium-12 small-12 large-4\"  >\n\t\t\t\t<div class=\"col-inner\"  >\n\t\t\t\n\t\t\t\n\n\t\t<div class=\"icon-box featured-box icon-box-left text-left\"  style=\"margin:0px 0px 30px 0px;\">\n\t\t\t\t\t<div class=\"icon-box-img\" style=\"width: 60px\">\n\t\t\t\t<div class=\"icon\">\n\t\t\t\t\t<div class=\"icon-inner\" >\n\t\t\t\t\t\t<img loading=\"lazy\" decoding=\"async\" width=\"300\" height=\"300\" src=\"https:\/\/melioscope.com\/wp-content\/uploads\/2023\/11\/030-plant-300x300.png\" class=\"attachment-medium size-medium\" alt=\"\" srcset=\"https:\/\/melioscope.com\/wp-content\/uploads\/2023\/11\/030-plant-300x300.png 300w, https:\/\/melioscope.com\/wp-content\/uploads\/2023\/11\/030-plant-150x150.png 150w, https:\/\/melioscope.com\/wp-content\/uploads\/2023\/11\/030-plant.png 512w\" sizes=\"auto, (max-width: 300px) 100vw, 300px\" \/>\t\t\t\t\t<\/div>\n\t\t\t\t<\/div>\n\t\t\t<\/div>\n\t\t\t\t<div class=\"icon-box-text last-reset\">\n\t\t\t\t\t\t\t\t\t\n<h3>L&rsquo;\u00e9valuation<\/h3>\n\t\t<\/div>\n\t<\/div>\n\t\n\t\n\t\t<\/div>\n\t\t\t\t\t<\/div>\n\n\t\n\n\t<div id=\"col-1194333212\" class=\"col medium-12 small-12 large-8\"  >\n\t\t\t\t<div class=\"col-inner text-left\"  >\n\t\t\t\n\t\t\t\n<div class=\"accordion\">\n\t<div id=\"accordion-4046519150\" class=\"accordion-item\">\n\t\t<a id=\"accordion-4046519150-label\" class=\"accordion-title plain\" href=\"#accordion-item-en-quoi-consiste-une-\u00e9valuation-de-la-culture-organisationnelle?\" aria-expanded=\"false\" aria-controls=\"accordion-4046519150-content\" >\n\t\t\t<button class=\"toggle\" aria-label=\"Basculer\"><i class=\"icon-angle-down\"><\/i><\/button>\n\t\t\t<span>En quoi consiste une \u00e9valuation de la culture organisationnelle?<\/span>\n\t\t<\/a>\n\t\t<div id=\"accordion-4046519150-content\" class=\"accordion-inner\" aria-labelledby=\"accordion-4046519150-label\" >\n\t\t\t\n<p>Une \u00e9valuation de la culture organisationnelle implique une analyse syst\u00e9matique des diff\u00e9rents aspects de la culture de votre lieu de travail, y compris les valeurs, les normes et l&rsquo;objectif de l&rsquo;organisation, les attitudes et les mod\u00e8les de comportement des employ\u00e9s, la s\u00e9curit\u00e9 psychologique et l&rsquo;environnement de travail dans son ensemble. L&rsquo;objectif est d&rsquo;identifier et de d\u00e9finir les points forts de la culture, ainsi que les domaines \u00e0 am\u00e9liorer. Chaque \u00e9valuation se termine par un rapport complet qui comprend des suggestions et des strat\u00e9gies fond\u00e9es sur des preuves et pouvant \u00eatre mises en \u0153uvre.<\/p>\n\t\t<\/div>\n\t<\/div>\n\t\n\t<div id=\"accordion-883607274\" class=\"accordion-item\">\n\t\t<a id=\"accordion-883607274-label\" class=\"accordion-title plain\" href=\"#accordion-item-combien-de-temps-faut-il-pour-effectuer-une-\u00e9valuation?\" aria-expanded=\"false\" aria-controls=\"accordion-883607274-content\" >\n\t\t\t<button class=\"toggle\" aria-label=\"Basculer\"><i class=\"icon-angle-down\"><\/i><\/button>\n\t\t\t<span>Combien de temps faut-il pour effectuer une \u00e9valuation?<\/span>\n\t\t<\/a>\n\t\t<div id=\"accordion-883607274-content\" class=\"accordion-inner\" aria-labelledby=\"accordion-883607274-label\" >\n\t\t\t\n<p>La dur\u00e9e peut varier en fonction de la taille de votre organisation et de l&rsquo;ampleur de l&rsquo;\u00e9valuation requise, mais elle s&rsquo;\u00e9tend g\u00e9n\u00e9ralement de quelques semaines \u00e0 un mois.<\/p>\n\t\t<\/div>\n\t<\/div>\n\t\n\t<div id=\"accordion-4130698610\" class=\"accordion-item\">\n\t\t<a id=\"accordion-4130698610-label\" class=\"accordion-title plain\" href=\"#accordion-item-l&#039;\u00e9valuation-va-t-elle-perturber-nos-activit\u00e9s-quotidiennes?\" aria-expanded=\"false\" aria-controls=\"accordion-4130698610-content\" >\n\t\t\t<button class=\"toggle\" aria-label=\"Basculer\"><i class=\"icon-angle-down\"><\/i><\/button>\n\t\t\t<span>L'\u00e9valuation va-t-elle perturber nos activit\u00e9s quotidiennes?<\/span>\n\t\t<\/a>\n\t\t<div id=\"accordion-4130698610-content\" class=\"accordion-inner\" aria-labelledby=\"accordion-4130698610-label\" >\n\t\t\t\n<p>Notre processus d&rsquo;\u00e9valuation est con\u00e7u pour \u00eatre aussi peu intrusif que possible, afin de perturber le moins possible vos activit\u00e9s quotidiennes.<\/p>\n\t\t<\/div>\n\t<\/div>\n\t\n<\/div>\n\t\t<\/div>\n\t\t\t\t\t<\/div>\n\n\t\n<\/div>\n<div class=\"is-divider divider clearfix\" style=\"margin-top:3em;margin-bottom:3em;max-width:100%;background-color:rgb(9, 14, 29);\"><\/div>\n<div class=\"row row-collapse\"  id=\"row-1326896910\">\n\n\t<div id=\"col-154191846\" class=\"col medium-12 small-12 large-4\"  >\n\t\t\t\t<div class=\"col-inner\"  >\n\t\t\t\n\t\t\t\n\n\t\t<div class=\"icon-box featured-box icon-box-left text-left\"  style=\"margin:0px 0px 30px 0px;\">\n\t\t\t\t\t<div class=\"icon-box-img\" style=\"width: 60px\">\n\t\t\t\t<div class=\"icon\">\n\t\t\t\t\t<div class=\"icon-inner\" >\n\t\t\t\t\t\t<img loading=\"lazy\" decoding=\"async\" width=\"300\" height=\"300\" src=\"https:\/\/melioscope.com\/wp-content\/uploads\/2023\/11\/049-light-bulb-300x300.png\" class=\"attachment-medium size-medium\" alt=\"\" srcset=\"https:\/\/melioscope.com\/wp-content\/uploads\/2023\/11\/049-light-bulb-300x300.png 300w, https:\/\/melioscope.com\/wp-content\/uploads\/2023\/11\/049-light-bulb-150x150.png 150w, https:\/\/melioscope.com\/wp-content\/uploads\/2023\/11\/049-light-bulb.png 512w\" sizes=\"auto, (max-width: 300px) 100vw, 300px\" \/>\t\t\t\t\t<\/div>\n\t\t\t\t<\/div>\n\t\t\t<\/div>\n\t\t\t\t<div class=\"icon-box-text last-reset\">\n\t\t\t\t\t\t\t\t\t\n<h3>Conseil<\/h3>\n\t\t<\/div>\n\t<\/div>\n\t\n\t\n\t\t<\/div>\n\t\t\t\t\t<\/div>\n\n\t\n\n\t<div id=\"col-1093129617\" class=\"col medium-12 small-12 large-8\"  >\n\t\t\t\t<div class=\"col-inner text-left\"  >\n\t\t\t\n\t\t\t\n<div class=\"accordion\">\n\t<div id=\"accordion-2969759346\" class=\"accordion-item\">\n\t\t<a id=\"accordion-2969759346-label\" class=\"accordion-title plain\" href=\"#accordion-item-mon-entreprise-peut-elle-b\u00e9n\u00e9ficier-de-conseils-sans-audit?\" aria-expanded=\"false\" aria-controls=\"accordion-2969759346-content\" >\n\t\t\t<button class=\"toggle\" aria-label=\"Basculer\"><i class=\"icon-angle-down\"><\/i><\/button>\n\t\t\t<span>Mon entreprise peut-elle b\u00e9n\u00e9ficier de conseils sans audit?<\/span>\n\t\t<\/a>\n\t\t<div id=\"accordion-2969759346-content\" class=\"accordion-inner\" aria-labelledby=\"accordion-2969759346-label\" >\n\t\t\t\n<p>Bien qu&rsquo;un audit soit recommand\u00e9, les organisations qui souhaitent am\u00e9liorer un aspect sp\u00e9cifique de leur culture avec l&rsquo;aide d&rsquo;un conseiller expert peuvent b\u00e9n\u00e9ficier d&rsquo;un conseil sans audit.<\/p>\n\t\t<\/div>\n\t<\/div>\n\t\n\t<div id=\"accordion-3671420438\" class=\"accordion-item\">\n\t\t<a id=\"accordion-3671420438-label\" class=\"accordion-title plain\" href=\"#accordion-item-comment-le-conseiller-peut-il-r\u00e9soudre-un-probl\u00e8me-pour-mon-organisation?\" aria-expanded=\"false\" aria-controls=\"accordion-3671420438-content\" >\n\t\t\t<button class=\"toggle\" aria-label=\"Basculer\"><i class=\"icon-angle-down\"><\/i><\/button>\n\t\t\t<span>Comment le conseiller peut-il r\u00e9soudre un probl\u00e8me pour mon organisation?<\/span>\n\t\t<\/a>\n\t\t<div id=\"accordion-3671420438-content\" class=\"accordion-inner\" aria-labelledby=\"accordion-3671420438-label\" >\n\t\t\t\n<p>At Melioscope, we are committed to evidence-based solutions. We advise each organization based on existing of models of success and the latest research that is related to the unique needs of each organization. In the final report, a client can expect to receive solutions based on a combination of experiential knowledge and empirical evidence.\u00a0<\/p>\n\t\t<\/div>\n\t<\/div>\n\t\n\t<div id=\"accordion-1177317985\" class=\"accordion-item\">\n\t\t<a id=\"accordion-1177317985-label\" class=\"accordion-title plain\" href=\"#accordion-item-les-petites-entreprises-peuvent-elles-b\u00e9n\u00e9ficier-de-vos-services-de-conseil?\" aria-expanded=\"false\" aria-controls=\"accordion-1177317985-content\" >\n\t\t\t<button class=\"toggle\" aria-label=\"Basculer\"><i class=\"icon-angle-down\"><\/i><\/button>\n\t\t\t<span>Les petites entreprises peuvent-elles b\u00e9n\u00e9ficier de vos services de conseil?<\/span>\n\t\t<\/a>\n\t\t<div id=\"accordion-1177317985-content\" class=\"accordion-inner\" aria-labelledby=\"accordion-1177317985-label\" >\n\t\t\t\n<p>Oui ! Les petites entreprises peuvent tirer d&rsquo;\u00e9normes avantages d&rsquo;une culture appropri\u00e9e. Dans les petites entreprises, une culture organisationnelle saine est plus facile \u00e0 cr\u00e9er et \u00e0 maintenir, et c&rsquo;est donc une bonne id\u00e9e d&rsquo;apprendre \u00e0 aligner les valeurs, l&rsquo;objectif et les attentes d\u00e8s le d\u00e9but de l&rsquo;aventure commerciale. Nous pouvons vous aider \u00e0 faire en sorte que votre culture id\u00e9ale s&rsquo;adapte \u00e0 la croissance de votre entreprise.<\/p>\n\t\t<\/div>\n\t<\/div>\n\t\n<\/div>\n\t\t<\/div>\n\t\t\t\t\t<\/div>\n\n\t\n<\/div>\n\t<div id=\"gap-1488602185\" class=\"gap-element clearfix\" style=\"display:block; height:auto;\">\n\t\t\n<style>\n#gap-1488602185 {\n  padding-top: 60px;\n}\n<\/style>\n\t<\/div>\n\t\n<div class=\"row align-center\"  id=\"row-1750990767\">\n\n\t<div id=\"col-1971035767\" class=\"col small-12 large-12\"  >\n\t\t\t\t<div class=\"col-inner text-center\" style=\"background-color:rgb(244, 244, 244);\" >\n\t\t\t\n\t\t\t\n<h2>Vous avez encore une question ?<\/h2>\n<p>N&rsquo;h\u00e9sitez pas \u00e0 nous contacter pour plus d&rsquo;informations.<\/p>\n<a href=\"https:\/\/melioscope.com\/fr\/contact\/\" class=\"button primary\"  >\n    <span>contactez-nous<\/span>\n  <\/a>\n\n\t\t<\/div>\n\t\t\t\t\t<\/div>\n\n\t\n\n<style>\n#row-1750990767 > .col > .col-inner {\n  padding: 40px 20px 40px 20px;\n  background-color: rgb(244, 244, 244);\n}\n@media (min-width:550px) {\n  #row-1750990767 > .col > .col-inner {\n    padding: 40px 40px 40px 40px;\n  }\n}\n<\/style>\n<\/div>\n\t\t<\/div>\n\t\t\t\t\t<\/div>\n\n\t\n<\/div>\n\t\t<\/div>\n\n\t\t\n<style>\n#section_636533664 {\n  padding-top: 60px;\n  padding-bottom: 60px;\n}\n<\/style>\n\t<\/section>\n\t\n\t<section class=\"section dark\" id=\"section_1889527012\">\n\t\t<div class=\"bg section-bg fill bg-fill  bg-loaded\" >\n\n\t\t\t\n\t\t\t\n\t\t\t\n\n\t\t<\/div>\n\n\t\t\n\n\t\t<div class=\"section-content relative\">\n\t\t\t\n\n<div class=\"row\"  id=\"row-1763607574\">\n\n\n\t<div id=\"col-318727924\" class=\"col small-12 large-12\"  >\n\t\t\t\t<div class=\"col-inner text-center\"  >\n\t\t\t\n\t\t\t\n\n\t<div id=\"text-2053962170\" class=\"text\">\n\t\t\n\n<h1>Prendre contact<\/h1>\n\t\t\n<style>\n#text-2053962170 {\n  font-size: 1.9rem;\n}\n<\/style>\n\t<\/div>\n\t\n<a href=\"https:\/\/melioscope.com\/fr\/request-quote\/\" class=\"button white is-underline\"  >\n    <span>CITATION REQUISE<\/span>\n  <\/a>\n\n\n\n\t\t<\/div>\n\t\t\t\t\n<style>\n#col-318727924 > .col-inner {\n  padding: 30px 0px 0px 0px;\n}\n<\/style>\n\t<\/div>\n\n\t\n\n<\/div>\n\t<div id=\"gap-758665759\" class=\"gap-element clearfix\" style=\"display:block; height:auto;\">\n\t\t\n<style>\n#gap-758665759 {\n  padding-top: 30px;\n}\n<\/style>\n\t<\/div>\n\t\n\n<div class=\"row\"  id=\"row-825439081\">\n\n\n\t<div id=\"col-1966980179\" class=\"col medium-3 small-12 large-3\"  >\n\t\t\t\t<div class=\"col-inner text-center\"  >\n\t\t\t\n\t\t\t\n\n<p>\ud83d\udccdMontr\u00e9al, Qu\u00e9bec<\/p>\n\n\t\t<\/div>\n\t\t\t\t\t<\/div>\n\n\t\n\n\t<div id=\"col-2044094344\" class=\"col medium-3 small-12 large-3\"  >\n\t\t\t\t<div class=\"col-inner text-center\"  >\n\t\t\t\n\t\t\t\n\n<p>admin@melioscope.com<br \/>(438) 866-8603<\/p>\n\n\t\t<\/div>\n\t\t\t\t\t<\/div>\n\n\t\n\n\t<div id=\"col-1323593219\" class=\"col medium-3 small-12 large-3\"  >\n\t\t\t\t<div class=\"col-inner text-center\"  >\n\t\t\t\n\t\t\t\n\n<p><a href=\"https:\/\/melioscope.com\/fr\/about\/\">About<\/a><br \/><a href=\"https:\/\/melioscope.com\/fr\/services\/\">Services<\/a><\/p>\n\n\t\t<\/div>\n\t\t\t\t\t<\/div>\n\n\t\n\n\t<div id=\"col-1045158720\" class=\"col medium-3 small-12 large-3\"  >\n\t\t\t\t<div class=\"col-inner text-center\"  >\n\t\t\t\n\t\t\t\n\n<p><a href=\"https:\/\/melioscope.com\/fr\/blog\/\">Blog<\/a><br \/><a href=\"https:\/\/melioscope.com\/contact\/\" data-wplink-edit=\"true\">Contact<\/a><\/p>\n\n\t\t<\/div>\n\t\t\t\t\t<\/div>\n\n\t\n\n<\/div>\n<div class=\"social-icons follow-icons full-width text-center\" style=\"font-size:110%\"><a href=\"https:\/\/www.facebook.com\/profile.php?id=100081142695692\" target=\"_blank\" data-label=\"Facebook\" class=\"icon plain facebook tooltip\" title=\"Nous suivre sur Facebook\" aria-label=\"Nous suivre sur Facebook\" rel=\"noopener nofollow\" ><i class=\"icon-facebook\" ><\/i><\/a><a href=\"https:\/\/www.instagram.com\/melioscope\/\" target=\"_blank\" data-label=\"Instagram\" class=\"icon plain instagram tooltip\" title=\"Nous suivre sur Instagram\" aria-label=\"Nous suivre sur Instagram\" rel=\"noopener nofollow\" ><i class=\"icon-instagram\" ><\/i><\/a><a href=\"https:\/\/twitter.com\/melioscope75240\" data-label=\"Twitter\" target=\"_blank\" class=\"icon plain twitter tooltip\" title=\"Nous suivre sur Twitter\" aria-label=\"Nous suivre sur Twitter\" rel=\"noopener nofollow\" ><i class=\"icon-twitter\" ><\/i><\/a><a href=\"https:\/\/www.linkedin.com\/company\/98889458\/admin\/feed\/posts\/\" data-label=\"LinkedIn\" target=\"_blank\" class=\"icon plain linkedin tooltip\" title=\"Nous suivre sur LinkedIn\" aria-label=\"Nous suivre sur LinkedIn\" rel=\"noopener nofollow\" ><i class=\"icon-linkedin\" ><\/i><\/a><\/div>\n\n\t<div id=\"gap-389097012\" class=\"gap-element clearfix\" style=\"display:block; height:auto;\">\n\t\t\n<style>\n#gap-389097012 {\n  padding-top: 30px;\n}\n<\/style>\n\t<\/div>\n\t\n\n\n\t\t<\/div>\n\n\t\t\n<style>\n#section_1889527012 {\n  padding-top: 60px;\n  padding-bottom: 60px;\n  background-color: #700029;\n}\n<\/style>\n\t<\/section>\n\t\n","protected":false},"excerpt":{"rendered":"","protected":false},"author":1,"featured_media":0,"parent":0,"menu_order":0,"comment_status":"closed","ping_status":"closed","template":"page-blank.php","meta":{"_monsterinsights_skip_tracking":false,"_monsterinsights_sitenote_active":false,"_monsterinsights_sitenote_note":"","_monsterinsights_sitenote_category":0,"footnotes":""},"class_list":["post-410","page","type-page","status-publish","hentry"],"aioseo_notices":[],"_links":{"self":[{"href":"https:\/\/melioscope.com\/fr\/wp-json\/wp\/v2\/pages\/410","targetHints":{"allow":["GET"]}}],"collection":[{"href":"https:\/\/melioscope.com\/fr\/wp-json\/wp\/v2\/pages"}],"about":[{"href":"https:\/\/melioscope.com\/fr\/wp-json\/wp\/v2\/types\/page"}],"author":[{"embeddable":true,"href":"https:\/\/melioscope.com\/fr\/wp-json\/wp\/v2\/users\/1"}],"replies":[{"embeddable":true,"href":"https:\/\/melioscope.com\/fr\/wp-json\/wp\/v2\/comments?post=410"}],"version-history":[{"count":17,"href":"https:\/\/melioscope.com\/fr\/wp-json\/wp\/v2\/pages\/410\/revisions"}],"predecessor-version":[{"id":960,"href":"https:\/\/melioscope.com\/fr\/wp-json\/wp\/v2\/pages\/410\/revisions\/960"}],"wp:attachment":[{"href":"https:\/\/melioscope.com\/fr\/wp-json\/wp\/v2\/media?parent=410"}],"curies":[{"name":"wp","href":"https:\/\/api.w.org\/{rel}","templated":true}]}}