{"id":414,"date":"2023-11-15T20:02:49","date_gmt":"2023-11-15T20:02:49","guid":{"rendered":"https:\/\/melioscope.gigdemo.xyz\/?page_id=414"},"modified":"2024-01-26T14:45:54","modified_gmt":"2024-01-26T14:45:54","slug":"blog","status":"publish","type":"page","link":"https:\/\/melioscope.com\/fr\/blog\/","title":{"rendered":"Blog"},"content":{"rendered":"\t<section class=\"section\" id=\"section_403231100\">\n\t\t<div class=\"bg section-bg fill bg-fill  bg-loaded\" >\n\n\t\t\t\n\t\t\t\n\t\t\t\n\n\t\t<\/div>\n\n\t\t\n\n\t\t<div class=\"section-content relative\">\n\t\t\t\n<div class=\"row align-center\" style=\"max-width:1200px\" id=\"row-1276926810\">\n\n\t<div id=\"col-611941930\" class=\"col medium-7 small-12 large-10\"  >\n\t\t\t\t<div class=\"col-inner\"  >\n\t\t\t\n\t\t\t\n\t<div id=\"gap-369129594\" class=\"gap-element clearfix\" style=\"display:block; height:auto;\">\n\t\t\n<style>\n#gap-369129594 {\n  padding-top: 50px;\n}\n<\/style>\n\t<\/div>\n\t\n\t<div id=\"text-3465026582\" class=\"text\">\n\t\t\n<h2>Blog<\/h2>\n\t\t\n<style>\n#text-3465026582 {\n  font-size: 2.25rem;\n  text-align: center;\n}\n<\/style>\n\t<\/div>\n\t\n<div class=\"text-center\"><div class=\"is-divider divider clearfix\" style=\"margin-top:1.1em;margin-bottom:1.1em;max-width:120px;height:4px;\"><\/div><\/div>\n\t<div id=\"text-1492498537\" class=\"text\">\n\t\t\n<p>Bienvenue sur le blog du Melioscope &#8211; votre centre d&rsquo;information sur les id\u00e9es et les tendances en mati\u00e8re de bien-\u00eatre organisationnel. Ici, nous explorons les derni\u00e8res strat\u00e9gies pour am\u00e9liorer le bien-\u00eatre au travail, le leadership et la culture. Plongez dans nos articles d&rsquo;experts pour d\u00e9couvrir des id\u00e9es novatrices et des conseils pratiques pour favoriser un environnement de travail plus sain et plus productif.<\/p>\n\t\t\n<style>\n#text-1492498537 {\n  font-size: 1rem;\n  text-align: center;\n}\n<\/style>\n\t<\/div>\n\t\n\t\t<\/div>\n\t\t\t\t\t<\/div>\n\n\t\n<\/div>\n<div class=\"row\"  id=\"row-801861936\">\n\n\t<div id=\"col-1634348136\" class=\"col small-12 large-12\"  >\n\t\t\t\t<div class=\"col-inner\"  >\n\t\t\t\n\t\t\t\n\n  \n    <div class=\"row large-columns-3 medium-columns- small-columns-1 has-shadow row-box-shadow-2\" >\n  <div class=\"col post-item\" >\n\t\t\t<div class=\"col-inner\">\n\t\t\t\t<div class=\"box box-text-bottom box-blog-post has-hover\">\n            \t\t\t\t\t<div class=\"box-image\" >\n  \t\t\t\t\t\t<div class=\"image-cover\" style=\"padding-top:180px;\">\n\t\t\t\t\t\t\t<a href=\"https:\/\/melioscope.com\/fr\/our-logo\/\" class=\"plain\" aria-label=\"Our Logo\">\n\t\t\t\t\t\t\t\t<img loading=\"lazy\" decoding=\"async\" width=\"300\" height=\"300\" src=\"https:\/\/melioscope.com\/wp-content\/uploads\/2024\/01\/MELIOSCOPE-LOGO-RGB_ICON-300x300.png\" class=\"attachment-medium size-medium wp-post-image\" alt=\"\" srcset=\"https:\/\/melioscope.com\/wp-content\/uploads\/2024\/01\/MELIOSCOPE-LOGO-RGB_ICON-300x300.png 300w, https:\/\/melioscope.com\/wp-content\/uploads\/2024\/01\/MELIOSCOPE-LOGO-RGB_ICON-1024x1024.png 1024w, https:\/\/melioscope.com\/wp-content\/uploads\/2024\/01\/MELIOSCOPE-LOGO-RGB_ICON-150x150.png 150w, https:\/\/melioscope.com\/wp-content\/uploads\/2024\/01\/MELIOSCOPE-LOGO-RGB_ICON-768x767.png 768w, https:\/\/melioscope.com\/wp-content\/uploads\/2024\/01\/MELIOSCOPE-LOGO-RGB_ICON.png 1043w\" sizes=\"auto, (max-width: 300px) 100vw, 300px\" \/>\t\t\t\t\t\t\t<\/a>\n  \t\t\t\t\t\t\t  \t\t\t\t\t\t\t  \t\t\t\t\t\t<\/div>\n  \t\t\t\t\t\t  \t\t\t\t\t<\/div>\n          \t\t\t\t\t<div class=\"box-text text-center\" >\n\t\t\t\t\t<div class=\"box-text-inner blog-post-inner\">\n\n\t\t\t\t\t\n\t\t\t\t\t\t\t\t\t\t<h5 class=\"post-title is-large \">\n\t\t\t\t\t\t<a href=\"https:\/\/melioscope.com\/fr\/our-logo\/\" class=\"plain\">Our Logo<\/a>\n\t\t\t\t\t<\/h5>\n\t\t\t\t\t\t\t\t\t\t<div class=\"is-divider\"><\/div>\n\t\t\t\t\t\t\t\t\t\t<p class=\"from_the_blog_excerpt \">\n\t\t\t\t\t\tIn the 1930s, Soviet psychologist Lev Vygotsky introduced an influential notion of human cognitive development, [...]\t\t\t\t\t<\/p>\n\t\t\t\t\t                    \n\t\t\t\t\t\n\t\t\t\t\t\n\t\t\t\t\t<\/div>\n\t\t\t\t\t<\/div>\n\t\t\t\t\t\t\t\t\t<\/div>\n\t\t\t<\/div>\n\t\t<\/div><div class=\"col post-item\" >\n\t\t\t<div class=\"col-inner\">\n\t\t\t\t<div class=\"box box-text-bottom box-blog-post has-hover\">\n            \t\t\t\t\t<div class=\"box-image\" >\n  \t\t\t\t\t\t<div class=\"image-cover\" style=\"padding-top:180px;\">\n\t\t\t\t\t\t\t<a href=\"https:\/\/melioscope.com\/fr\/the-impact-of-workplace-design-on-employee-well-being\/\" class=\"plain\" aria-label=\"The Impact of Workplace Design on Employee Well-being\">\n\t\t\t\t\t\t\t\t<img loading=\"lazy\" decoding=\"async\" width=\"300\" height=\"203\" src=\"https:\/\/melioscope.com\/wp-content\/uploads\/2023\/11\/you-x-ventures-tHO1_OuKbg0-unsplash-300x203.jpg\" class=\"attachment-medium size-medium wp-post-image\" alt=\"\" srcset=\"https:\/\/melioscope.com\/wp-content\/uploads\/2023\/11\/you-x-ventures-tHO1_OuKbg0-unsplash-300x203.jpg 300w, https:\/\/melioscope.com\/wp-content\/uploads\/2023\/11\/you-x-ventures-tHO1_OuKbg0-unsplash-1024x693.jpg 1024w, https:\/\/melioscope.com\/wp-content\/uploads\/2023\/11\/you-x-ventures-tHO1_OuKbg0-unsplash-768x520.jpg 768w, https:\/\/melioscope.com\/wp-content\/uploads\/2023\/11\/you-x-ventures-tHO1_OuKbg0-unsplash.jpg 1500w\" sizes=\"auto, (max-width: 300px) 100vw, 300px\" \/>\t\t\t\t\t\t\t<\/a>\n  \t\t\t\t\t\t\t  \t\t\t\t\t\t\t  \t\t\t\t\t\t<\/div>\n  \t\t\t\t\t\t  \t\t\t\t\t<\/div>\n          \t\t\t\t\t<div class=\"box-text text-center\" >\n\t\t\t\t\t<div class=\"box-text-inner blog-post-inner\">\n\n\t\t\t\t\t\n\t\t\t\t\t\t\t\t\t\t<h5 class=\"post-title is-large \">\n\t\t\t\t\t\t<a href=\"https:\/\/melioscope.com\/fr\/the-impact-of-workplace-design-on-employee-well-being\/\" class=\"plain\">The Impact of Workplace Design on Employee Well-being<\/a>\n\t\t\t\t\t<\/h5>\n\t\t\t\t\t\t\t\t\t\t<div class=\"is-divider\"><\/div>\n\t\t\t\t\t\t\t\t\t\t<p class=\"from_the_blog_excerpt \">\n\t\t\t\t\t\tDiscuss how physical workspace design can affect employee health, productivity, and satisfaction, offering advice for [...]\t\t\t\t\t<\/p>\n\t\t\t\t\t                    \n\t\t\t\t\t\n\t\t\t\t\t\n\t\t\t\t\t<\/div>\n\t\t\t\t\t<\/div>\n\t\t\t\t\t\t\t\t\t<\/div>\n\t\t\t<\/div>\n\t\t<\/div><div class=\"col post-item\" >\n\t\t\t<div class=\"col-inner\">\n\t\t\t\t<div class=\"box box-text-bottom box-blog-post has-hover\">\n            \t\t\t\t\t<div class=\"box-image\" >\n  \t\t\t\t\t\t<div class=\"image-cover\" style=\"padding-top:180px;\">\n\t\t\t\t\t\t\t<a href=\"https:\/\/melioscope.com\/fr\/navigating-remote-work-maintaining-team-cohesion-and-well-being\/\" class=\"plain\" aria-label=\"Navigating Remote Work: Maintaining Team Cohesion and Well-being\">\n\t\t\t\t\t\t\t\t<img loading=\"lazy\" decoding=\"async\" width=\"300\" height=\"200\" src=\"https:\/\/melioscope.com\/wp-content\/uploads\/2023\/11\/task-successfully-completed-and-job-well-done-bus-2023-06-15-20-58-34-utc-300x200.jpg\" class=\"attachment-medium size-medium wp-post-image\" alt=\"\" srcset=\"https:\/\/melioscope.com\/wp-content\/uploads\/2023\/11\/task-successfully-completed-and-job-well-done-bus-2023-06-15-20-58-34-utc-300x200.jpg 300w, https:\/\/melioscope.com\/wp-content\/uploads\/2023\/11\/task-successfully-completed-and-job-well-done-bus-2023-06-15-20-58-34-utc-1024x683.jpg 1024w, https:\/\/melioscope.com\/wp-content\/uploads\/2023\/11\/task-successfully-completed-and-job-well-done-bus-2023-06-15-20-58-34-utc-768x512.jpg 768w, https:\/\/melioscope.com\/wp-content\/uploads\/2023\/11\/task-successfully-completed-and-job-well-done-bus-2023-06-15-20-58-34-utc-1536x1024.jpg 1536w, https:\/\/melioscope.com\/wp-content\/uploads\/2023\/11\/task-successfully-completed-and-job-well-done-bus-2023-06-15-20-58-34-utc.jpg 1966w\" sizes=\"auto, (max-width: 300px) 100vw, 300px\" \/>\t\t\t\t\t\t\t<\/a>\n  \t\t\t\t\t\t\t  \t\t\t\t\t\t\t  \t\t\t\t\t\t<\/div>\n  \t\t\t\t\t\t  \t\t\t\t\t<\/div>\n          \t\t\t\t\t<div class=\"box-text text-center\" >\n\t\t\t\t\t<div class=\"box-text-inner blog-post-inner\">\n\n\t\t\t\t\t\n\t\t\t\t\t\t\t\t\t\t<h5 class=\"post-title is-large \">\n\t\t\t\t\t\t<a href=\"https:\/\/melioscope.com\/fr\/navigating-remote-work-maintaining-team-cohesion-and-well-being\/\" class=\"plain\">Navigating Remote Work: Maintaining Team Cohesion and Well-being<\/a>\n\t\t\t\t\t<\/h5>\n\t\t\t\t\t\t\t\t\t\t<div class=\"is-divider\"><\/div>\n\t\t\t\t\t\t\t\t\t\t<p class=\"from_the_blog_excerpt \">\n\t\t\t\t\t\tShare tips and best practices for maintaining team cohesion and individual well-being in the evolving [...]\t\t\t\t\t<\/p>\n\t\t\t\t\t                    \n\t\t\t\t\t\n\t\t\t\t\t\n\t\t\t\t\t<\/div>\n\t\t\t\t\t<\/div>\n\t\t\t\t\t\t\t\t\t<\/div>\n\t\t\t<\/div>\n\t\t<\/div><div class=\"col post-item\" >\n\t\t\t<div class=\"col-inner\">\n\t\t\t\t<div class=\"box box-text-bottom box-blog-post has-hover\">\n            \t\t\t\t\t<div class=\"box-image\" >\n  \t\t\t\t\t\t<div class=\"image-cover\" style=\"padding-top:180px;\">\n\t\t\t\t\t\t\t<a href=\"https:\/\/melioscope.com\/fr\/innovative-wellness-programs-beyond-the-traditional-model\/\" class=\"plain\" aria-label=\"Innovative Wellness Programs: Beyond the Traditional Model\">\n\t\t\t\t\t\t\t\t<img loading=\"lazy\" decoding=\"async\" width=\"300\" height=\"200\" src=\"https:\/\/melioscope.com\/wp-content\/uploads\/2023\/11\/attractive-businesswoman-relaxing-at-workplace-wit-2023-02-15-07-01-00-utc-300x200.jpg\" class=\"attachment-medium size-medium wp-post-image\" alt=\"\" srcset=\"https:\/\/melioscope.com\/wp-content\/uploads\/2023\/11\/attractive-businesswoman-relaxing-at-workplace-wit-2023-02-15-07-01-00-utc-300x200.jpg 300w, https:\/\/melioscope.com\/wp-content\/uploads\/2023\/11\/attractive-businesswoman-relaxing-at-workplace-wit-2023-02-15-07-01-00-utc-1024x684.jpg 1024w, https:\/\/melioscope.com\/wp-content\/uploads\/2023\/11\/attractive-businesswoman-relaxing-at-workplace-wit-2023-02-15-07-01-00-utc-768x513.jpg 768w, https:\/\/melioscope.com\/wp-content\/uploads\/2023\/11\/attractive-businesswoman-relaxing-at-workplace-wit-2023-02-15-07-01-00-utc-1536x1025.jpg 1536w, https:\/\/melioscope.com\/wp-content\/uploads\/2023\/11\/attractive-businesswoman-relaxing-at-workplace-wit-2023-02-15-07-01-00-utc.jpg 1766w\" sizes=\"auto, (max-width: 300px) 100vw, 300px\" \/>\t\t\t\t\t\t\t<\/a>\n  \t\t\t\t\t\t\t  \t\t\t\t\t\t\t  \t\t\t\t\t\t<\/div>\n  \t\t\t\t\t\t  \t\t\t\t\t<\/div>\n          \t\t\t\t\t<div class=\"box-text text-center\" >\n\t\t\t\t\t<div class=\"box-text-inner blog-post-inner\">\n\n\t\t\t\t\t\n\t\t\t\t\t\t\t\t\t\t<h5 class=\"post-title is-large \">\n\t\t\t\t\t\t<a href=\"https:\/\/melioscope.com\/fr\/innovative-wellness-programs-beyond-the-traditional-model\/\" class=\"plain\">Innovative Wellness Programs: Beyond the Traditional Model<\/a>\n\t\t\t\t\t<\/h5>\n\t\t\t\t\t\t\t\t\t\t<div class=\"is-divider\"><\/div>\n\t\t\t\t\t\t\t\t\t\t<p class=\"from_the_blog_excerpt \">\n\t\t\t\t\t\tHighlight some unique and creative wellness programs that companies have successfully implemented, encouraging reader engagement [...]\t\t\t\t\t<\/p>\n\t\t\t\t\t                    \n\t\t\t\t\t\n\t\t\t\t\t\n\t\t\t\t\t<\/div>\n\t\t\t\t\t<\/div>\n\t\t\t\t\t\t\t\t\t<\/div>\n\t\t\t<\/div>\n\t\t<\/div><div class=\"col post-item\" >\n\t\t\t<div class=\"col-inner\">\n\t\t\t\t<div class=\"box box-text-bottom box-blog-post has-hover\">\n            \t\t\t\t\t<div class=\"box-image\" >\n  \t\t\t\t\t\t<div class=\"image-cover\" style=\"padding-top:180px;\">\n\t\t\t\t\t\t\t<a href=\"https:\/\/melioscope.com\/fr\/the-role-of-leadership-in-shaping-organizational-culture\/\" class=\"plain\" aria-label=\"The Role of Leadership in Shaping Organizational Culture\">\n\t\t\t\t\t\t\t\t<img loading=\"lazy\" decoding=\"async\" width=\"300\" height=\"200\" src=\"https:\/\/melioscope.com\/wp-content\/uploads\/2023\/11\/team-building-hands-and-business-people-2023-09-14-22-51-23-utc-300x200.jpg\" class=\"attachment-medium size-medium wp-post-image\" alt=\"\" srcset=\"https:\/\/melioscope.com\/wp-content\/uploads\/2023\/11\/team-building-hands-and-business-people-2023-09-14-22-51-23-utc-300x200.jpg 300w, https:\/\/melioscope.com\/wp-content\/uploads\/2023\/11\/team-building-hands-and-business-people-2023-09-14-22-51-23-utc-1024x683.jpg 1024w, https:\/\/melioscope.com\/wp-content\/uploads\/2023\/11\/team-building-hands-and-business-people-2023-09-14-22-51-23-utc-768x512.jpg 768w, https:\/\/melioscope.com\/wp-content\/uploads\/2023\/11\/team-building-hands-and-business-people-2023-09-14-22-51-23-utc-1536x1024.jpg 1536w, https:\/\/melioscope.com\/wp-content\/uploads\/2023\/11\/team-building-hands-and-business-people-2023-09-14-22-51-23-utc.jpg 1650w\" sizes=\"auto, (max-width: 300px) 100vw, 300px\" \/>\t\t\t\t\t\t\t<\/a>\n  \t\t\t\t\t\t\t  \t\t\t\t\t\t\t  \t\t\t\t\t\t<\/div>\n  \t\t\t\t\t\t  \t\t\t\t\t<\/div>\n          \t\t\t\t\t<div class=\"box-text text-center\" >\n\t\t\t\t\t<div class=\"box-text-inner blog-post-inner\">\n\n\t\t\t\t\t\n\t\t\t\t\t\t\t\t\t\t<h5 class=\"post-title is-large \">\n\t\t\t\t\t\t<a href=\"https:\/\/melioscope.com\/fr\/the-role-of-leadership-in-shaping-organizational-culture\/\" class=\"plain\">The Role of Leadership in Shaping Organizational Culture<\/a>\n\t\t\t\t\t<\/h5>\n\t\t\t\t\t\t\t\t\t\t<div class=\"is-divider\"><\/div>\n\t\t\t\t\t\t\t\t\t\t<p class=\"from_the_blog_excerpt \">\n\t\t\t\t\t\tExplore how leaders can positively influence workplace culture, focusing on communication, empathy, and inclusivity.\t\t\t\t\t<\/p>\n\t\t\t\t\t                    \n\t\t\t\t\t\n\t\t\t\t\t\n\t\t\t\t\t<\/div>\n\t\t\t\t\t<\/div>\n\t\t\t\t\t\t\t\t\t<\/div>\n\t\t\t<\/div>\n\t\t<\/div><div class=\"col post-item\" >\n\t\t\t<div class=\"col-inner\">\n\t\t\t\t<div class=\"box box-text-bottom box-blog-post has-hover\">\n            \t\t\t\t\t<div class=\"box-image\" >\n  \t\t\t\t\t\t<div class=\"image-cover\" style=\"padding-top:180px;\">\n\t\t\t\t\t\t\t<a href=\"https:\/\/melioscope.com\/fr\/building-resilience-key-strategies-for-stress-management-in-teams\/\" class=\"plain\" aria-label=\"Building Resilience: Key Strategies for Stress Management in Teams\">\n\t\t\t\t\t\t\t\t<img loading=\"lazy\" decoding=\"async\" width=\"300\" height=\"200\" src=\"https:\/\/melioscope.com\/wp-content\/uploads\/2023\/11\/you-x-ventures-6awfTPLGaCE-unsplash-300x200.jpg\" class=\"attachment-medium size-medium wp-post-image\" alt=\"\" srcset=\"https:\/\/melioscope.com\/wp-content\/uploads\/2023\/11\/you-x-ventures-6awfTPLGaCE-unsplash-300x200.jpg 300w, https:\/\/melioscope.com\/wp-content\/uploads\/2023\/11\/you-x-ventures-6awfTPLGaCE-unsplash-1024x683.jpg 1024w, https:\/\/melioscope.com\/wp-content\/uploads\/2023\/11\/you-x-ventures-6awfTPLGaCE-unsplash-768x512.jpg 768w, https:\/\/melioscope.com\/wp-content\/uploads\/2023\/11\/you-x-ventures-6awfTPLGaCE-unsplash.jpg 1500w\" sizes=\"auto, (max-width: 300px) 100vw, 300px\" \/>\t\t\t\t\t\t\t<\/a>\n  \t\t\t\t\t\t\t  \t\t\t\t\t\t\t  \t\t\t\t\t\t<\/div>\n  \t\t\t\t\t\t  \t\t\t\t\t<\/div>\n          \t\t\t\t\t<div class=\"box-text text-center\" >\n\t\t\t\t\t<div class=\"box-text-inner blog-post-inner\">\n\n\t\t\t\t\t\n\t\t\t\t\t\t\t\t\t\t<h5 class=\"post-title is-large \">\n\t\t\t\t\t\t<a href=\"https:\/\/melioscope.com\/fr\/building-resilience-key-strategies-for-stress-management-in-teams\/\" class=\"plain\">Building Resilience: Key Strategies for Stress Management in Teams<\/a>\n\t\t\t\t\t<\/h5>\n\t\t\t\t\t\t\t\t\t\t<div class=\"is-divider\"><\/div>\n\t\t\t\t\t\t\t\t\t\t<p class=\"from_the_blog_excerpt \">\n\t\t\t\t\t\tOffer insights into how teams can develop resilience against workplace stress, featuring expert tips and [...]\t\t\t\t\t<\/p>\n\t\t\t\t\t                    \n\t\t\t\t\t\n\t\t\t\t\t\n\t\t\t\t\t<\/div>\n\t\t\t\t\t<\/div>\n\t\t\t\t\t\t\t\t\t<\/div>\n\t\t\t<\/div>\n\t\t<\/div><div class=\"col post-item\" >\n\t\t\t<div class=\"col-inner\">\n\t\t\t\t<div class=\"box box-text-bottom box-blog-post has-hover\">\n            \t\t\t\t\t<div class=\"box-image\" >\n  \t\t\t\t\t\t<div class=\"image-cover\" style=\"padding-top:180px;\">\n\t\t\t\t\t\t\t<a href=\"https:\/\/melioscope.com\/fr\/the-future-of-work-embracing-mental-health-in-the-workplace\/\" class=\"plain\" aria-label=\"The Future of Work: Embracing Mental Health in the Workplace\">\n\t\t\t\t\t\t\t\t<img loading=\"lazy\" decoding=\"async\" width=\"300\" height=\"200\" src=\"https:\/\/melioscope.com\/wp-content\/uploads\/2023\/11\/carefree-millennial-businesswoman-relaxing-at-work-2023-06-23-17-50-51-utc-300x200.jpg\" class=\"attachment-medium size-medium wp-post-image\" alt=\"\" srcset=\"https:\/\/melioscope.com\/wp-content\/uploads\/2023\/11\/carefree-millennial-businesswoman-relaxing-at-work-2023-06-23-17-50-51-utc-300x200.jpg 300w, https:\/\/melioscope.com\/wp-content\/uploads\/2023\/11\/carefree-millennial-businesswoman-relaxing-at-work-2023-06-23-17-50-51-utc-1024x683.jpg 1024w, https:\/\/melioscope.com\/wp-content\/uploads\/2023\/11\/carefree-millennial-businesswoman-relaxing-at-work-2023-06-23-17-50-51-utc-768x512.jpg 768w, https:\/\/melioscope.com\/wp-content\/uploads\/2023\/11\/carefree-millennial-businesswoman-relaxing-at-work-2023-06-23-17-50-51-utc-1536x1024.jpg 1536w, https:\/\/melioscope.com\/wp-content\/uploads\/2023\/11\/carefree-millennial-businesswoman-relaxing-at-work-2023-06-23-17-50-51-utc.jpg 1981w\" sizes=\"auto, (max-width: 300px) 100vw, 300px\" \/>\t\t\t\t\t\t\t<\/a>\n  \t\t\t\t\t\t\t  \t\t\t\t\t\t\t  \t\t\t\t\t\t<\/div>\n  \t\t\t\t\t\t  \t\t\t\t\t<\/div>\n          \t\t\t\t\t<div class=\"box-text text-center\" >\n\t\t\t\t\t<div class=\"box-text-inner blog-post-inner\">\n\n\t\t\t\t\t\n\t\t\t\t\t\t\t\t\t\t<h5 class=\"post-title is-large \">\n\t\t\t\t\t\t<a href=\"https:\/\/melioscope.com\/fr\/the-future-of-work-embracing-mental-health-in-the-workplace\/\" class=\"plain\">The Future of Work: Embracing Mental Health in the Workplace<\/a>\n\t\t\t\t\t<\/h5>\n\t\t\t\t\t\t\t\t\t\t<div class=\"is-divider\"><\/div>\n\t\t\t\t\t\t\t\t\t\t<p class=\"from_the_blog_excerpt \">\n\t\t\t\t\t\tDiscuss the growing importance of mental health support at work and strategies companies can implement [...]\t\t\t\t\t<\/p>\n\t\t\t\t\t                    \n\t\t\t\t\t\n\t\t\t\t\t\n\t\t\t\t\t<\/div>\n\t\t\t\t\t<\/div>\n\t\t\t\t\t\t\t\t\t<\/div>\n\t\t\t<\/div>\n\t\t<\/div><\/div>\n\t\t<\/div>\n\t\t\t\t\t<\/div>\n\n\t\n<\/div>\n\t\t<\/div>\n\n\t\t\n<style>\n#section_403231100 {\n  padding-top: 30px;\n  padding-bottom: 30px;\n}\n<\/style>\n\t<\/section>\n\t\n\t<section class=\"section dark\" id=\"section_86095258\">\n\t\t<div class=\"bg section-bg fill bg-fill  bg-loaded\" >\n\n\t\t\t\n\t\t\t\n\t\t\t\n\n\t\t<\/div>\n\n\t\t\n\n\t\t<div class=\"section-content relative\">\n\t\t\t\n\n<div class=\"row\"  id=\"row-1746285459\">\n\n\n\t<div id=\"col-1940030971\" class=\"col small-12 large-12\"  >\n\t\t\t\t<div class=\"col-inner text-center\"  >\n\t\t\t\n\t\t\t\n\n\t<div id=\"text-790713948\" class=\"text\">\n\t\t\n\n<h1>Prendre contact<\/h1>\n\t\t\n<style>\n#text-790713948 {\n  font-size: 1.9rem;\n}\n<\/style>\n\t<\/div>\n\t\n<a href=\"https:\/\/melioscope.com\/fr\/request-quote\/\" class=\"button white is-underline\"  >\n    <span>CITATION REQUISE<\/span>\n  <\/a>\n\n\n\n\t\t<\/div>\n\t\t\t\t\n<style>\n#col-1940030971 > .col-inner {\n  padding: 30px 0px 0px 0px;\n}\n<\/style>\n\t<\/div>\n\n\t\n\n<\/div>\n\t<div id=\"gap-1904474301\" class=\"gap-element clearfix\" style=\"display:block; height:auto;\">\n\t\t\n<style>\n#gap-1904474301 {\n  padding-top: 30px;\n}\n<\/style>\n\t<\/div>\n\t\n\n<div class=\"row\"  id=\"row-1977279209\">\n\n\n\t<div id=\"col-627390045\" class=\"col medium-3 small-12 large-3\"  >\n\t\t\t\t<div class=\"col-inner text-center\"  >\n\t\t\t\n\t\t\t\n\n<p>\ud83d\udccdMontr\u00e9al, Qu\u00e9bec<\/p>\n\n\t\t<\/div>\n\t\t\t\t\t<\/div>\n\n\t\n\n\t<div id=\"col-1791929866\" class=\"col medium-3 small-12 large-3\"  >\n\t\t\t\t<div class=\"col-inner text-center\"  >\n\t\t\t\n\t\t\t\n\n<p>admin@melioscope.com<br \/>(438) 866-8603<\/p>\n\n\t\t<\/div>\n\t\t\t\t\t<\/div>\n\n\t\n\n\t<div id=\"col-1684846070\" class=\"col medium-3 small-12 large-3\"  >\n\t\t\t\t<div class=\"col-inner text-center\"  >\n\t\t\t\n\t\t\t\n\n<p><a href=\"https:\/\/melioscope.com\/fr\/about\/\">About<\/a><br \/><a href=\"https:\/\/melioscope.com\/fr\/services\/\">Services<\/a><\/p>\n\n\t\t<\/div>\n\t\t\t\t\t<\/div>\n\n\t\n\n\t<div id=\"col-1920921267\" class=\"col medium-3 small-12 large-3\"  >\n\t\t\t\t<div class=\"col-inner text-center\"  >\n\t\t\t\n\t\t\t\n\n<p><a href=\"https:\/\/melioscope.com\/fr\/blog\/\">Blog<\/a><br \/><a href=\"https:\/\/melioscope.com\/contact\/\" data-wplink-edit=\"true\">Contact<\/a><\/p>\n\n\t\t<\/div>\n\t\t\t\t\t<\/div>\n\n\t\n\n<\/div>\n<div class=\"social-icons follow-icons full-width text-center\" style=\"font-size:110%\"><a href=\"https:\/\/www.facebook.com\/profile.php?id=100081142695692\" target=\"_blank\" data-label=\"Facebook\" class=\"icon plain facebook tooltip\" title=\"Nous suivre sur Facebook\" aria-label=\"Nous suivre sur Facebook\" rel=\"noopener nofollow\" ><i class=\"icon-facebook\" ><\/i><\/a><a href=\"https:\/\/www.instagram.com\/melioscope\/\" target=\"_blank\" data-label=\"Instagram\" class=\"icon plain instagram tooltip\" title=\"Nous suivre sur Instagram\" aria-label=\"Nous suivre sur Instagram\" rel=\"noopener nofollow\" ><i class=\"icon-instagram\" ><\/i><\/a><a href=\"https:\/\/twitter.com\/melioscope75240\" data-label=\"Twitter\" target=\"_blank\" class=\"icon plain twitter tooltip\" title=\"Nous suivre sur Twitter\" aria-label=\"Nous suivre sur Twitter\" rel=\"noopener nofollow\" ><i class=\"icon-twitter\" ><\/i><\/a><a href=\"https:\/\/www.linkedin.com\/company\/98889458\/admin\/feed\/posts\/\" data-label=\"LinkedIn\" target=\"_blank\" class=\"icon plain linkedin tooltip\" title=\"Nous suivre sur LinkedIn\" aria-label=\"Nous suivre sur LinkedIn\" rel=\"noopener nofollow\" ><i class=\"icon-linkedin\" ><\/i><\/a><\/div>\n\n\t<div id=\"gap-1487401559\" class=\"gap-element clearfix\" style=\"display:block; height:auto;\">\n\t\t\n<style>\n#gap-1487401559 {\n  padding-top: 30px;\n}\n<\/style>\n\t<\/div>\n\t\n\n\n\t\t<\/div>\n\n\t\t\n<style>\n#section_86095258 {\n  padding-top: 60px;\n  padding-bottom: 60px;\n  background-color: #700029;\n}\n<\/style>\n\t<\/section>\n\t\n","protected":false},"excerpt":{"rendered":"","protected":false},"author":1,"featured_media":0,"parent":0,"menu_order":0,"comment_status":"closed","ping_status":"closed","template":"page-blank.php","meta":{"_monsterinsights_skip_tracking":false,"_monsterinsights_sitenote_active":false,"_monsterinsights_sitenote_note":"","_monsterinsights_sitenote_category":0,"footnotes":""},"class_list":["post-414","page","type-page","status-publish","hentry"],"aioseo_notices":[],"_links":{"self":[{"href":"https:\/\/melioscope.com\/fr\/wp-json\/wp\/v2\/pages\/414","targetHints":{"allow":["GET"]}}],"collection":[{"href":"https:\/\/melioscope.com\/fr\/wp-json\/wp\/v2\/pages"}],"about":[{"href":"https:\/\/melioscope.com\/fr\/wp-json\/wp\/v2\/types\/page"}],"author":[{"embeddable":true,"href":"https:\/\/melioscope.com\/fr\/wp-json\/wp\/v2\/users\/1"}],"replies":[{"embeddable":true,"href":"https:\/\/melioscope.com\/fr\/wp-json\/wp\/v2\/comments?post=414"}],"version-history":[{"count":3,"href":"https:\/\/melioscope.com\/fr\/wp-json\/wp\/v2\/pages\/414\/revisions"}],"predecessor-version":[{"id":950,"href":"https:\/\/melioscope.com\/fr\/wp-json\/wp\/v2\/pages\/414\/revisions\/950"}],"wp:attachment":[{"href":"https:\/\/melioscope.com\/fr\/wp-json\/wp\/v2\/media?parent=414"}],"curies":[{"name":"wp","href":"https:\/\/api.w.org\/{rel}","templated":true}]}}