{"id":416,"date":"2023-11-15T20:02:18","date_gmt":"2023-11-15T20:02:18","guid":{"rendered":"https:\/\/melioscope.gigdemo.xyz\/?page_id=416"},"modified":"2025-03-20T12:35:40","modified_gmt":"2025-03-20T12:35:40","slug":"about","status":"publish","type":"page","link":"https:\/\/melioscope.com\/fr\/about\/","title":{"rendered":"\u00c0 propos"},"content":{"rendered":"\t<section class=\"section has-parallax\" id=\"section_2004322437\">\n\t\t<div class=\"bg section-bg fill bg-fill  \" data-parallax-container=\".section\" data-parallax-background data-parallax=\"-6\">\n\n\t\t\t\n\t\t\t<div class=\"section-bg-overlay absolute fill\"><\/div>\n\t\t\t\n\n\t\t<\/div>\n\n\t\t\n\n\t\t<div class=\"section-content relative\">\n\t\t\t\n<div class=\"row\"  id=\"row-895861678\">\n\n\t<div id=\"col-1749178978\" class=\"col hide-for-medium medium-1 small-12 large-1\"  >\n\t\t\t\t<div class=\"col-inner\"  >\n\t\t\t\n\t\t\t\n\t\t<\/div>\n\t\t\t\t\n<style>\n#col-1749178978 > .col-inner {\n  padding: 0px 0px 0px 0px;\n}\n<\/style>\n\t<\/div>\n\n\t\n\n\t<div id=\"col-1148153381\" class=\"col medium-11 small-12 large-11\"  >\n\t\t\t\t<div class=\"col-inner\"  >\n\t\t\t\n\t\t\t\n\t<div id=\"text-1050969569\" class=\"text\">\n\t\t\n<h3 class=\"uppercase\">ce que nous faisons<\/h3>\n\t\t\n<style>\n#text-1050969569 {\n  font-size: 1rem;\n  line-height: 0.75;\n}\n<\/style>\n\t<\/div>\n\t\n\t<div id=\"text-3569182780\" class=\"text\">\n\t\t\n<h2>NOUS COMBINONS LA RECHERCHE ET LA PRATIQUE POUR CR\u00c9ER DES PROGRAMMES, DES PLANS ET DES PROTOCOLES DE TRANSFORMATION<\/h2>\n\t\t\n<style>\n#text-3569182780 {\n  font-size: 0.9rem;\n  color: #700029;\n}\n#text-3569182780 > * {\n  color: #700029;\n}\n<\/style>\n\t<\/div>\n\t\n\t\t<\/div>\n\t\t\t\t\t<\/div>\n\n\t\n<\/div>\n\t\t<\/div>\n\n\t\t\n<style>\n#section_2004322437 {\n  padding-top: 30px;\n  padding-bottom: 30px;\n  min-height: 300px;\n}\n#section_2004322437 .section-bg-overlay {\n  background-color: rgba(255,255,255,.5);\n}\n#section_2004322437 .section-bg.bg-loaded {\n  background-image: url(https:\/\/melioscope.com\/wp-content\/uploads\/2023\/11\/evie-s-Sw7f58YJbc0-unsplash.jpg);\n}\n#section_2004322437 .section-bg {\n  background-position: 33% 97%;\n}\n@media (min-width:550px) {\n  #section_2004322437 {\n    min-height: 450px;\n  }\n}\n@media (min-width:850px) {\n  #section_2004322437 {\n    min-height: 500px;\n  }\n}\n<\/style>\n\t<\/section>\n\t\n<div class=\"row\" style=\"max-width:1200px\" id=\"row-361129198\">\n\n\t<div id=\"col-407342239\" class=\"col medium-1 small-12 large-1\"  >\n\t\t\t\t<div class=\"col-inner\"  >\n\t\t\t\n\t\t\t\n\t<div id=\"gap-124280972\" class=\"gap-element clearfix\" style=\"display:block; height:auto;\">\n\t\t\n<style>\n#gap-124280972 {\n  padding-top: 10px;\n}\n<\/style>\n\t<\/div>\n\t\n\t\t<\/div>\n\t\t\t\t\t<\/div>\n\n\t\n\n\t<div id=\"col-747854435\" class=\"col medium-3 small-12 large-3\"  >\n\t\t\t\t<div class=\"col-inner\"  >\n\t\t\t\n\t\t\t\n\t<div id=\"gap-1043185143\" class=\"gap-element clearfix\" style=\"display:block; height:auto;\">\n\t\t\n<style>\n#gap-1043185143 {\n  padding-top: 30px;\n}\n<\/style>\n\t<\/div>\n\t\n\t<div class=\"img has-hover x md-x lg-x y md-y lg-y\" id=\"image_406513235\">\n\t\t\t\t\t\t\t\t<div class=\"img-inner dark\" style=\"margin:0px 0px 0px 40px;\">\n\t\t\t<img loading=\"lazy\" decoding=\"async\" width=\"768\" height=\"767\" src=\"https:\/\/melioscope.com\/wp-content\/uploads\/2024\/01\/MELIOSCOPE-LOGO-RGB_ICON-768x767.png\" class=\"attachment-medium_large size-medium_large\" alt=\"\" srcset=\"https:\/\/melioscope.com\/wp-content\/uploads\/2024\/01\/MELIOSCOPE-LOGO-RGB_ICON-768x767.png 768w, https:\/\/melioscope.com\/wp-content\/uploads\/2024\/01\/MELIOSCOPE-LOGO-RGB_ICON-300x300.png 300w, https:\/\/melioscope.com\/wp-content\/uploads\/2024\/01\/MELIOSCOPE-LOGO-RGB_ICON-1024x1024.png 1024w, https:\/\/melioscope.com\/wp-content\/uploads\/2024\/01\/MELIOSCOPE-LOGO-RGB_ICON-150x150.png 150w, https:\/\/melioscope.com\/wp-content\/uploads\/2024\/01\/MELIOSCOPE-LOGO-RGB_ICON.png 1043w\" sizes=\"auto, (max-width: 768px) 100vw, 768px\" \/>\t\t\t\t\t\t\n\t\t\t\t\t<\/div>\n\t\t\t\t\t\t\t\t\n<style>\n#image_406513235 {\n  width: 89%;\n}\n<\/style>\n\t<\/div>\n\t\n<a href=\"https:\/\/melioscope.com\/our-logo\/\" class=\"button secondary is-link is-xsmall box-shadow-5-hover expand\"  style=\"border-radius:5px;padding:0px 0px 0px 50px;\">\n    <span>en savoir plus sur notre logo<\/span>\n  <\/a>\n\n\t\t<\/div>\n\t\t\t\t\n<style>\n#col-747854435 > .col-inner {\n  padding: 0px 0px 0px 0px;\n}\n<\/style>\n\t<\/div>\n\n\t\n\n\t<div id=\"col-791008708\" class=\"col medium-11 small-12 large-7\"  >\n\t\t\t\t<div class=\"col-inner text-center\"  >\n\t\t\t\n\t\t\t\n\t<div id=\"gap-1377573814\" class=\"gap-element clearfix hide-for-medium\" style=\"display:block; height:auto;\">\n\t\t\n<style>\n#gap-1377573814 {\n  padding-top: 45px;\n}\n<\/style>\n\t<\/div>\n\t\n\t<div id=\"text-3087013013\" class=\"text\">\n\t\t\n<p class=\"uppercase\">Notre travail consiste \u00e0 a<span data-text-color=\"secondary\"><strong>m\u00e9lio<\/strong><\/span>rer les cultures organisationnelles et le bien-\u00eatre des employ\u00e9s.<\/p>\n\t\t\n<style>\n#text-3087013013 {\n  font-size: 1.15rem;\n  line-height: 2.35;\n  text-align: left;\n}\n<\/style>\n\t<\/div>\n\t\n\t<div id=\"text-2028414247\" class=\"text\">\n\t\t\n<p>Melioscope est une soci\u00e9t\u00e9 de conseil sp\u00e9cialis\u00e9e dans l&rsquo;optimisation organisationnelle, notamment sous la forme de d\u00e9veloppement de programmes, de protocoles d&rsquo;engagement des employ\u00e9s et d&rsquo;\u00e9ducation.<\/p>\n\t\t\n<style>\n#text-2028414247 {\n  font-size: 1rem;\n  text-align: left;\n}\n@media (min-width:550px) {\n  #text-2028414247 {\n    font-size: 1.15rem;\n  }\n}\n<\/style>\n\t<\/div>\n\t\n<a href=\"https:\/\/www.linkedin.com\/company\/98889458\/admin\/feed\/posts\/\" target=\"_blank\" class=\"button secondary is-outline\" rel=\"noopener\"  style=\"border-radius:32px;\">\n  <i class=\"icon-linkedin\" aria-hidden=\"true\" ><\/i>  <span>visiter linkedin<\/span>\n  <\/a>\n\n\t\t<\/div>\n\t\t\t\t\n<style>\n#col-791008708 > .col-inner {\n  padding: 0px 0px 0px 0;\n}\n@media (min-width:550px) {\n  #col-791008708 > .col-inner {\n    padding: 0px 0px 0px 30px;\n  }\n}\n<\/style>\n\t<\/div>\n\n\t\n<\/div>\n\t<div id=\"gap-1004929947\" class=\"gap-element clearfix\" style=\"display:block; height:auto;\">\n\t\t\n<style>\n#gap-1004929947 {\n  padding-top: 30px;\n}\n<\/style>\n\t<\/div>\n\t\n\t<section class=\"section\" id=\"section_400125012\">\n\t\t<div class=\"bg section-bg fill bg-fill  bg-loaded\" >\n\n\t\t\t\n\t\t\t\n\t\t\t\n\n\t\t<\/div>\n\n\t\t\n\n\t\t<div class=\"section-content relative\">\n\t\t\t\n\n\n<div class=\"row\"  id=\"row-591652510\">\n\n\t<div id=\"col-983680504\" class=\"col medium-7 small-12 large-7\"  >\n\t\t\t\t<div class=\"col-inner\"  >\n\t\t\t\n\t\t\t\n\t<div id=\"text-795149896\" class=\"text\">\n\t\t\n<h1 style=\"text-align: left;\">\u00c0 propos de la fondatrice<\/h1>\n\t\t\n<style>\n#text-795149896 {\n  font-size: 1.1rem;\n  text-align: center;\n  color: #a92358;\n}\n#text-795149896 > * {\n  color: #a92358;\n}\n<\/style>\n\t<\/div>\n\t\n\t<div id=\"text-1689090338\" class=\"text\">\n\t\t\n<p><strong>Anna Sverdlik, PhD<\/strong><\/p>\n\t\t\n<style>\n#text-1689090338 {\n  font-size: 1.2rem;\n  line-height: 0.75;\n}\n<\/style>\n\t<\/div>\n\t\n<p>Dre Anna Sverdlik est sp\u00e9cialis\u00e9e dans l&rsquo;apprentissage et la motivation des adultes. Au cours des 15 derni\u00e8res ann\u00e9es, elle a men\u00e9 des recherches sur des sujets li\u00e9s \u00e0 la promotion de l&rsquo;engagement et de la sant\u00e9 mentale dans les organisations, et a \u00e9labor\u00e9 divers programmes \u00e9ducatifs. Ses travaux ont donn\u00e9 lieu \u00e0 de nombreuses publications scientifiques et ont \u00e9t\u00e9 pr\u00e9sent\u00e9s dans des m\u00e9dias tels que des journaux, des podcasts et des articles de blog. Mme Sverdlik est charg\u00e9e de cours \u00e0 l&rsquo;Universit\u00e9 McGill.<\/p>\n<p>Traduit avec DeepL.com (version gratuite)<\/p>\n\t\t<\/div>\n\t\t\t\t\t<\/div>\n\n\t\n\n\t<div id=\"col-824133867\" class=\"col medium-5 small-12 large-5\"  >\n\t\t\t\t<div class=\"col-inner text-center\"  >\n\t\t\t\n\t\t\t\n\t<div class=\"img has-hover x md-x lg-x y md-y lg-y\" id=\"image_1062160301\">\n\t\t\t\t\t\t\t\t<div class=\"img-inner image-cover dark\" style=\"padding-top:100%;\">\n\t\t\t<img loading=\"lazy\" decoding=\"async\" width=\"1020\" height=\"680\" src=\"https:\/\/melioscope.com\/wp-content\/uploads\/2023\/11\/IMG_0480-1024x683.jpg\" class=\"attachment-large size-large\" alt=\"\" srcset=\"https:\/\/melioscope.com\/wp-content\/uploads\/2023\/11\/IMG_0480-1024x683.jpg 1024w, https:\/\/melioscope.com\/wp-content\/uploads\/2023\/11\/IMG_0480-300x200.jpg 300w, https:\/\/melioscope.com\/wp-content\/uploads\/2023\/11\/IMG_0480-768x512.jpg 768w, https:\/\/melioscope.com\/wp-content\/uploads\/2023\/11\/IMG_0480-1536x1024.jpg 1536w, https:\/\/melioscope.com\/wp-content\/uploads\/2023\/11\/IMG_0480-2048x1365.jpg 2048w\" sizes=\"auto, (max-width: 1020px) 100vw, 1020px\" \/>\t\t\t\t\t\t\n\t\t\t\t\t<\/div>\n\t\t\t\t\t\t\t\t\n<style>\n#image_1062160301 {\n  width: 100%;\n}\n<\/style>\n\t<\/div>\n\t\n<a href=\"https:\/\/melioscope.com\/anna-sverdlik-experience\/\" target=\"_blank\" class=\"button secondary\" rel=\"noopener\"  style=\"border-radius:99px;\">\n    <span>voir plus d'exp\u00e9rience<\/span>\n  <\/a>\n\n\t\t<\/div>\n\t\t\t\t\t<\/div>\n\n\t\n<\/div>\n\t\t<\/div>\n\n\t\t\n<style>\n#section_400125012 {\n  padding-top: 80px;\n  padding-bottom: 80px;\n  background-color: rgb(242, 238, 241);\n}\n<\/style>\n\t<\/section>\n\t\n\t<section class=\"section\" id=\"section_1261847523\">\n\t\t<div class=\"bg section-bg fill bg-fill  bg-loaded\" >\n\n\t\t\t\n\t\t\t\n\t\t\t\n\n\t\t<\/div>\n\n\t\t\n\n\t\t<div class=\"section-content relative\">\n\t\t\t\n<div class=\"row\" style=\"max-width:1200px\" id=\"row-342413630\">\n\n\t<div id=\"col-220932380\" class=\"col small-12 large-12\"  >\n\t\t\t\t<div class=\"col-inner\"  >\n\t\t\t\n\t\t\t\n\t<div id=\"text-3879019171\" class=\"text\">\n\t\t\n<h1 class=\"uppercase\">Ce que vous pouvez attendre<\/h1>\n\t\t\n<style>\n#text-3879019171 {\n  font-size: 1rem;\n  text-align: center;\n  color: rgb(255,255,255);\n}\n#text-3879019171 > * {\n  color: rgb(255,255,255);\n}\n<\/style>\n\t<\/div>\n\t\n\t\t<\/div>\n\t\t\t\t\t<\/div>\n\n\t\n<\/div>\n<div class=\"row row-large row-solid\" style=\"max-width:1200px\" id=\"row-1600421955\">\n\n\t<div id=\"col-817986949\" class=\"col medium-10 small-12 large-6\"  >\n\t\t\t\t<div class=\"col-inner\"  >\n\t\t\t\n\t\t\t\n\n\t\t<div class=\"icon-box featured-box icon-box-left text-left\"  >\n\t\t\t\t\t<div class=\"icon-box-img\" style=\"width: 69px\">\n\t\t\t\t<div class=\"icon\">\n\t\t\t\t\t<div class=\"icon-inner\" >\n\t\t\t\t\t\t<img loading=\"lazy\" decoding=\"async\" width=\"120\" height=\"120\" src=\"https:\/\/melioscope.com\/wp-content\/uploads\/2023\/11\/check-line.png\" class=\"attachment-medium size-medium\" alt=\"\" \/>\t\t\t\t\t<\/div>\n\t\t\t\t<\/div>\n\t\t\t<\/div>\n\t\t\t\t<div class=\"icon-box-text last-reset\">\n\t\t\t\t\t\t\t\t\t\n\t<div id=\"text-1543433603\" class=\"text\">\n\t\t\n<p>Pratique fond\u00e9e sur des donn\u00e9es probantes, bas\u00e9e sur la litt\u00e9rature scientifique et les mod\u00e8les de r\u00e9ussite existants<\/p>\n\t\t\n<style>\n#text-1543433603 {\n  font-size: 1rem;\n  line-height: 2.15;\n  color: rgb(255,255,255);\n}\n#text-1543433603 > * {\n  color: rgb(255,255,255);\n}\n<\/style>\n\t<\/div>\n\t\n\t\t<\/div>\n\t<\/div>\n\t\n\t\n\t<div id=\"gap-335537213\" class=\"gap-element clearfix\" style=\"display:block; height:auto;\">\n\t\t\n<style>\n#gap-335537213 {\n  padding-top: 30px;\n}\n<\/style>\n\t<\/div>\n\t\n\n\t\t<div class=\"icon-box featured-box icon-box-left text-left\"  >\n\t\t\t\t\t<div class=\"icon-box-img\" style=\"width: 69px\">\n\t\t\t\t<div class=\"icon\">\n\t\t\t\t\t<div class=\"icon-inner\" >\n\t\t\t\t\t\t<img loading=\"lazy\" decoding=\"async\" width=\"120\" height=\"120\" src=\"https:\/\/melioscope.com\/wp-content\/uploads\/2023\/11\/check-line.png\" class=\"attachment-medium size-medium\" alt=\"\" \/>\t\t\t\t\t<\/div>\n\t\t\t\t<\/div>\n\t\t\t<\/div>\n\t\t\t\t<div class=\"icon-box-text last-reset\">\n\t\t\t\t\t\t\t\t\t\n\t<div id=\"text-936248406\" class=\"text\">\n\t\t\n<p>Approche personnalis\u00e9e et centr\u00e9e sur le client<\/p>\n\t\t\n<style>\n#text-936248406 {\n  line-height: 3;\n  color: rgb(255,255,255);\n}\n#text-936248406 > * {\n  color: rgb(255,255,255);\n}\n<\/style>\n\t<\/div>\n\t\n\t\t<\/div>\n\t<\/div>\n\t\n\t\n\t<div id=\"gap-308728250\" class=\"gap-element clearfix\" style=\"display:block; height:auto;\">\n\t\t\n<style>\n#gap-308728250 {\n  padding-top: 30px;\n}\n<\/style>\n\t<\/div>\n\t\n\n\t\t<div class=\"icon-box featured-box icon-box-left text-left\"  >\n\t\t\t\t\t<div class=\"icon-box-img\" style=\"width: 69px\">\n\t\t\t\t<div class=\"icon\">\n\t\t\t\t\t<div class=\"icon-inner\" >\n\t\t\t\t\t\t<img loading=\"lazy\" decoding=\"async\" width=\"120\" height=\"120\" src=\"https:\/\/melioscope.com\/wp-content\/uploads\/2023\/11\/check-line.png\" class=\"attachment-medium size-medium\" alt=\"\" \/>\t\t\t\t\t<\/div>\n\t\t\t\t<\/div>\n\t\t\t<\/div>\n\t\t\t\t<div class=\"icon-box-text last-reset\">\n\t\t\t\t\t\t\t\t\t\n\t<div id=\"text-3584560667\" class=\"text\">\n\t\t\n<p>Expertise dans l&rsquo;identification des structures organisationnelles inadapt\u00e9es et dans l&rsquo;apport de solutions concr\u00e8tes<\/p>\n\t\t\n<style>\n#text-3584560667 {\n  font-size: 1rem;\n  line-height: 2.35;\n  color: rgb(255,255,255);\n}\n#text-3584560667 > * {\n  color: rgb(255,255,255);\n}\n<\/style>\n\t<\/div>\n\t\n\t\t<\/div>\n\t<\/div>\n\t\n\t\n\t<div id=\"gap-1140336133\" class=\"gap-element clearfix\" style=\"display:block; height:auto;\">\n\t\t\n<style>\n#gap-1140336133 {\n  padding-top: 30px;\n}\n<\/style>\n\t<\/div>\n\t\n\t\t<\/div>\n\t\t\t\t\n<style>\n#col-817986949 > .col-inner {\n  padding: 0px 0 0px 0px;\n}\n@media (min-width:850px) {\n  #col-817986949 > .col-inner {\n    padding: 0px 40px 0px 0px;\n  }\n}\n<\/style>\n\t<\/div>\n\n\t\n\n\t<div id=\"col-1996378173\" class=\"col medium-10 small-12 large-6\"  >\n\t\t\t\t<div class=\"col-inner\"  >\n\t\t\t\n\t\t\t\n\n\t\t<div class=\"icon-box featured-box icon-box-left text-left\"  >\n\t\t\t\t\t<div class=\"icon-box-img\" style=\"width: 69px\">\n\t\t\t\t<div class=\"icon\">\n\t\t\t\t\t<div class=\"icon-inner\" >\n\t\t\t\t\t\t<img loading=\"lazy\" decoding=\"async\" width=\"120\" height=\"120\" src=\"https:\/\/melioscope.com\/wp-content\/uploads\/2023\/11\/check-line.png\" class=\"attachment-medium size-medium\" alt=\"\" \/>\t\t\t\t\t<\/div>\n\t\t\t\t<\/div>\n\t\t\t<\/div>\n\t\t\t\t<div class=\"icon-box-text last-reset\">\n\t\t\t\t\t\t\t\t\t\n\t<div id=\"text-4294961091\" class=\"text\">\n\t\t\n<p>Toutes les communications sont professionnelles, respectueuses et courtoises. Personnel amical et facile \u00e0 travailler<\/p>\n\t\t\n<style>\n#text-4294961091 {\n  line-height: 2;\n  color: rgb(255,255,255);\n}\n#text-4294961091 > * {\n  color: rgb(255,255,255);\n}\n<\/style>\n\t<\/div>\n\t\n\t\t<\/div>\n\t<\/div>\n\t\n\t\n\t<div id=\"gap-1874244856\" class=\"gap-element clearfix\" style=\"display:block; height:auto;\">\n\t\t\n<style>\n#gap-1874244856 {\n  padding-top: 30px;\n}\n<\/style>\n\t<\/div>\n\t\n\n\t\t<div class=\"icon-box featured-box icon-box-left text-left\"  >\n\t\t\t\t\t<div class=\"icon-box-img\" style=\"width: 69px\">\n\t\t\t\t<div class=\"icon\">\n\t\t\t\t\t<div class=\"icon-inner\" >\n\t\t\t\t\t\t<img loading=\"lazy\" decoding=\"async\" width=\"120\" height=\"120\" src=\"https:\/\/melioscope.com\/wp-content\/uploads\/2023\/11\/check-line.png\" class=\"attachment-medium size-medium\" alt=\"\" \/>\t\t\t\t\t<\/div>\n\t\t\t\t<\/div>\n\t\t\t<\/div>\n\t\t\t\t<div class=\"icon-box-text last-reset\">\n\t\t\t\t\t\t\t\t\t\n\t<div id=\"text-2234303692\" class=\"text\">\n\t\t\n<p>Patience et transparence dans la collaboration \u00e0 l&rsquo;\u00e9laboration de programmes et de protocoles<\/p>\n\t\t\n<style>\n#text-2234303692 {\n  line-height: 2.2;\n  color: rgb(255,255,255);\n}\n#text-2234303692 > * {\n  color: rgb(255,255,255);\n}\n<\/style>\n\t<\/div>\n\t\n\t\t<\/div>\n\t<\/div>\n\t\n\t\n\t<div id=\"gap-10375023\" class=\"gap-element clearfix\" style=\"display:block; height:auto;\">\n\t\t\n<style>\n#gap-10375023 {\n  padding-top: 30px;\n}\n<\/style>\n\t<\/div>\n\t\n\n\t\t<div class=\"icon-box featured-box icon-box-left text-left\"  >\n\t\t\t\t\t<div class=\"icon-box-img\" style=\"width: 69px\">\n\t\t\t\t<div class=\"icon\">\n\t\t\t\t\t<div class=\"icon-inner\" >\n\t\t\t\t\t\t<img loading=\"lazy\" decoding=\"async\" width=\"120\" height=\"120\" src=\"https:\/\/melioscope.com\/wp-content\/uploads\/2023\/11\/check-line.png\" class=\"attachment-medium size-medium\" alt=\"\" \/>\t\t\t\t\t<\/div>\n\t\t\t\t<\/div>\n\t\t\t<\/div>\n\t\t\t\t<div class=\"icon-box-text last-reset\">\n\t\t\t\t\t\t\t\t\t\n\t<div id=\"text-3356769462\" class=\"text\">\n\t\t\n<p>Respect des d\u00e9lais convenus<\/p>\n\t\t\n<style>\n#text-3356769462 {\n  line-height: 3;\n  color: rgb(255,255,255);\n}\n#text-3356769462 > * {\n  color: rgb(255,255,255);\n}\n<\/style>\n\t<\/div>\n\t\n\t\t<\/div>\n\t<\/div>\n\t\n\t\n\t\t<\/div>\n\t\t\t\t\n<style>\n#col-1996378173 > .col-inner {\n  padding: 0px 0px 0px 0;\n}\n@media (min-width:850px) {\n  #col-1996378173 > .col-inner {\n    padding: 0px 0px 0px 30px;\n  }\n}\n<\/style>\n\t<\/div>\n\n\t\n<\/div>\n\t<div id=\"gap-520605155\" class=\"gap-element clearfix\" style=\"display:block; height:auto;\">\n\t\t\n<style>\n#gap-520605155 {\n  padding-top: 100px;\n}\n<\/style>\n\t<\/div>\n\t\n\t\t<\/div>\n\n\t\t\n<style>\n#section_1261847523 {\n  padding-top: 80px;\n  padding-bottom: 80px;\n  background-color: #a92358;\n}\n<\/style>\n\t<\/section>\n\t\n\t<section class=\"section\" id=\"section_6423481\">\n\t\t<div class=\"bg section-bg fill bg-fill  bg-loaded\" >\n\n\t\t\t\n\t\t\t\n\t\t\t\n\n\t\t<\/div>\n\n\t\t\n\n\t\t<div class=\"section-content relative\">\n\t\t\t\n<div class=\"row\" style=\"max-width:1200px\" id=\"row-2088199239\">\n\n\t<div id=\"col-1527819734\" class=\"col small-12 large-12\"  >\n\t\t\t\t<div class=\"col-inner\"  >\n\t\t\t\n\t\t\t\n\n  <div class=\"banner has-hover\" id=\"banner-1890745291\">\n          <div class=\"banner-inner fill\">\n        <div class=\"banner-bg fill\" >\n            <div class=\"bg fill bg-fill \"><\/div>\n                                    \n                    <\/div>\n\t\t\n        <div class=\"banner-layers container\">\n            <div class=\"fill banner-link\"><\/div>            \n        <\/div>\n      <\/div>\n\n            \n<style>\n#banner-1890745291 {\n  padding-top: 200px;\n  background-color: rgb(255, 255, 255);\n}\n#banner-1890745291 .bg.bg-loaded {\n  background-image: url(https:\/\/melioscope.com\/wp-content\/uploads\/2023\/12\/qtq80-VxF6zP-768x512.jpeg);\n}\n#banner-1890745291 .bg {\n  background-position: 19% 51%;\n}\n@media (min-width:550px) {\n  #banner-1890745291 {\n    padding-top: 350px;\n  }\n}\n@media (min-width:850px) {\n  #banner-1890745291 {\n    padding-top: 400px;\n  }\n}\n<\/style>\n  <\/div>\n\n\n\t\t<\/div>\n\t\t\t\t\n<style>\n#col-1527819734 > .col-inner {\n  margin: -120px 0px 0px 0px;\n}\n<\/style>\n\t<\/div>\n\n\t\n<\/div>\n<div class=\"row align-center\" style=\"max-width:1200px\" id=\"row-299437181\">\n\n\t<div id=\"col-86002693\" class=\"col medium-10 small-12 large-9\"  >\n\t\t\t\t<div class=\"col-inner\"  >\n\t\t\t\n\t\t\t\n\t<div id=\"text-1331496904\" class=\"text\">\n\t\t\n<h1>Nous clarifions vos objectifs<\/h1>\n\t\t\n<style>\n#text-1331496904 {\n  font-size: 1.6rem;\n  line-height: 1.15;\n  text-align: center;\n  color: #a92358;\n}\n#text-1331496904 > * {\n  color: #a92358;\n}\n<\/style>\n\t<\/div>\n\t\n\t<div id=\"text-716002063\" class=\"text\">\n\t\t\n<p>Nous posons les bonnes questions pour vous aider \u00e0 identifier et \u00e0 cerner vos besoins organisationnels, vos objectifs et votre vision de l&rsquo;avenir. Sur la base de ces informations, nous fournissons des solutions personnalis\u00e9es et fond\u00e9es sur des donn\u00e9es qui d\u00e9passeront vos attentes, \u00e0 chaque fois.<\/p>\n\t\t\n<style>\n#text-716002063 {\n  text-align: center;\n}\n<\/style>\n\t<\/div>\n\t\n\t<div id=\"gap-578221978\" class=\"gap-element clearfix\" style=\"display:block; height:auto;\">\n\t\t\n<style>\n#gap-578221978 {\n  padding-top: 10px;\n}\n<\/style>\n\t<\/div>\n\t\n\t\t<\/div>\n\t\t\t\t\t<\/div>\n\n\t\n<\/div>\n\t\t<\/div>\n\n\t\t\n<style>\n#section_6423481 {\n  padding-top: 30px;\n  padding-bottom: 30px;\n}\n<\/style>\n\t<\/section>\n\t\n\t<section class=\"section dark\" id=\"section_734783076\">\n\t\t<div class=\"bg section-bg fill bg-fill  bg-loaded\" >\n\n\t\t\t\n\t\t\t\n\t\t\t\n\n\t\t<\/div>\n\n\t\t\n\n\t\t<div class=\"section-content relative\">\n\t\t\t\n\n<div class=\"row\"  id=\"row-2064369478\">\n\n\n\t<div id=\"col-1826884250\" class=\"col small-12 large-12\"  >\n\t\t\t\t<div class=\"col-inner text-center\"  >\n\t\t\t\n\t\t\t\n\n\t<div id=\"text-3522702735\" class=\"text\">\n\t\t\n\n<h1>Prendre contact<\/h1>\n\t\t\n<style>\n#text-3522702735 {\n  font-size: 1.9rem;\n}\n<\/style>\n\t<\/div>\n\t\n<a href=\"https:\/\/melioscope.com\/fr\/request-quote\/\" class=\"button white is-underline\"  >\n    <span>CITATION REQUISE<\/span>\n  <\/a>\n\n\n\n\t\t<\/div>\n\t\t\t\t\n<style>\n#col-1826884250 > .col-inner {\n  padding: 30px 0px 0px 0px;\n}\n<\/style>\n\t<\/div>\n\n\t\n\n<\/div>\n\t<div id=\"gap-1883839885\" class=\"gap-element clearfix\" style=\"display:block; height:auto;\">\n\t\t\n<style>\n#gap-1883839885 {\n  padding-top: 30px;\n}\n<\/style>\n\t<\/div>\n\t\n\n<div class=\"row\"  id=\"row-1874702827\">\n\n\n\t<div id=\"col-1729860163\" class=\"col medium-3 small-12 large-3\"  >\n\t\t\t\t<div class=\"col-inner text-center\"  >\n\t\t\t\n\t\t\t\n\n<p>\ud83d\udccdMontr\u00e9al, Qu\u00e9bec<\/p>\n\n\t\t<\/div>\n\t\t\t\t\t<\/div>\n\n\t\n\n\t<div id=\"col-519617844\" class=\"col medium-3 small-12 large-3\"  >\n\t\t\t\t<div class=\"col-inner text-center\"  >\n\t\t\t\n\t\t\t\n\n<p>admin@melioscope.com<br \/>(438) 866-8603<\/p>\n\n\t\t<\/div>\n\t\t\t\t\t<\/div>\n\n\t\n\n\t<div id=\"col-736447577\" class=\"col medium-3 small-12 large-3\"  >\n\t\t\t\t<div class=\"col-inner text-center\"  >\n\t\t\t\n\t\t\t\n\n<p><a href=\"https:\/\/melioscope.com\/fr\/about\/\">About<\/a><br \/><a href=\"https:\/\/melioscope.com\/fr\/services\/\">Services<\/a><\/p>\n\n\t\t<\/div>\n\t\t\t\t\t<\/div>\n\n\t\n\n\t<div id=\"col-943822965\" class=\"col medium-3 small-12 large-3\"  >\n\t\t\t\t<div class=\"col-inner text-center\"  >\n\t\t\t\n\t\t\t\n\n<p><a href=\"https:\/\/melioscope.com\/fr\/blog\/\">Blog<\/a><br \/><a href=\"https:\/\/melioscope.com\/contact\/\" data-wplink-edit=\"true\">Contact<\/a><\/p>\n\n\t\t<\/div>\n\t\t\t\t\t<\/div>\n\n\t\n\n<\/div>\n<div class=\"social-icons follow-icons full-width text-center\" style=\"font-size:110%\"><a href=\"https:\/\/www.facebook.com\/profile.php?id=100081142695692\" target=\"_blank\" data-label=\"Facebook\" class=\"icon plain facebook tooltip\" title=\"Nous suivre sur Facebook\" aria-label=\"Nous suivre sur Facebook\" rel=\"noopener nofollow\" ><i class=\"icon-facebook\" ><\/i><\/a><a href=\"https:\/\/www.instagram.com\/melioscope\/\" target=\"_blank\" data-label=\"Instagram\" class=\"icon plain instagram tooltip\" title=\"Nous suivre sur Instagram\" aria-label=\"Nous suivre sur Instagram\" rel=\"noopener nofollow\" ><i class=\"icon-instagram\" ><\/i><\/a><a href=\"https:\/\/twitter.com\/melioscope75240\" data-label=\"Twitter\" target=\"_blank\" class=\"icon plain twitter tooltip\" title=\"Nous suivre sur Twitter\" aria-label=\"Nous suivre sur Twitter\" rel=\"noopener nofollow\" ><i class=\"icon-twitter\" ><\/i><\/a><a href=\"https:\/\/www.linkedin.com\/company\/98889458\/admin\/feed\/posts\/\" data-label=\"LinkedIn\" target=\"_blank\" class=\"icon plain linkedin tooltip\" title=\"Nous suivre sur LinkedIn\" aria-label=\"Nous suivre sur LinkedIn\" rel=\"noopener nofollow\" ><i class=\"icon-linkedin\" ><\/i><\/a><\/div>\n\n\t<div id=\"gap-1628092192\" class=\"gap-element clearfix\" style=\"display:block; height:auto;\">\n\t\t\n<style>\n#gap-1628092192 {\n  padding-top: 30px;\n}\n<\/style>\n\t<\/div>\n\t\n\n\n\t\t<\/div>\n\n\t\t\n<style>\n#section_734783076 {\n  padding-top: 60px;\n  padding-bottom: 60px;\n  background-color: #700029;\n}\n<\/style>\n\t<\/section>\n\t\n","protected":false},"excerpt":{"rendered":"","protected":false},"author":1,"featured_media":0,"parent":0,"menu_order":0,"comment_status":"closed","ping_status":"closed","template":"page-blank.php","meta":{"_monsterinsights_skip_tracking":false,"_monsterinsights_sitenote_active":false,"_monsterinsights_sitenote_note":"","_monsterinsights_sitenote_category":0,"footnotes":""},"class_list":["post-416","page","type-page","status-publish","hentry"],"aioseo_notices":[],"_links":{"self":[{"href":"https:\/\/melioscope.com\/fr\/wp-json\/wp\/v2\/pages\/416","targetHints":{"allow":["GET"]}}],"collection":[{"href":"https:\/\/melioscope.com\/fr\/wp-json\/wp\/v2\/pages"}],"about":[{"href":"https:\/\/melioscope.com\/fr\/wp-json\/wp\/v2\/types\/page"}],"author":[{"embeddable":true,"href":"https:\/\/melioscope.com\/fr\/wp-json\/wp\/v2\/users\/1"}],"replies":[{"embeddable":true,"href":"https:\/\/melioscope.com\/fr\/wp-json\/wp\/v2\/comments?post=416"}],"version-history":[{"count":51,"href":"https:\/\/melioscope.com\/fr\/wp-json\/wp\/v2\/pages\/416\/revisions"}],"predecessor-version":[{"id":1787,"href":"https:\/\/melioscope.com\/fr\/wp-json\/wp\/v2\/pages\/416\/revisions\/1787"}],"wp:attachment":[{"href":"https:\/\/melioscope.com\/fr\/wp-json\/wp\/v2\/media?parent=416"}],"curies":[{"name":"wp","href":"https:\/\/api.w.org\/{rel}","templated":true}]}}